{"id":52,"date":"2025-02-20T14:19:37","date_gmt":"2025-02-20T14:19:37","guid":{"rendered":"https:\/\/bicentenaire.lfip-alumni.com\/index.php\/seasons\/"},"modified":"2025-09-05T11:37:48","modified_gmt":"2025-09-05T10:37:48","slug":"seasons","status":"publish","type":"page","link":"https:\/\/bicentenaire.lfip-alumni.com\/index.php\/seasons\/","title":{"rendered":"ProjetForm"},"content":{"rendered":"\t\t<div data-elementor-type=\"wp-page\" data-elementor-id=\"52\" class=\"elementor elementor-52\" data-elementor-post-type=\"page\">\n\t\t\t\t\t\t<section class=\"elementor-section elementor-top-section elementor-element elementor-element-a13dabb elementor-section-stretched elementor-section-full_width elementor-section-height-default elementor-section-height-default wpr-particle-no wpr-jarallax-no wpr-parallax-no wpr-sticky-section-no\" data-id=\"a13dabb\" data-element_type=\"section\" data-settings=\"{&quot;stretch_section&quot;:&quot;section-stretched&quot;}\">\n\t\t\t\t\t\t<div class=\"elementor-container elementor-column-gap-no\">\n\t\t\t\t\t<div class=\"elementor-column elementor-col-100 elementor-top-column elementor-element elementor-element-db2bfbf\" data-id=\"db2bfbf\" data-element_type=\"column\">\n\t\t\t<div class=\"elementor-widget-wrap elementor-element-populated\">\n\t\t\t\t\t\t<section class=\"elementor-section elementor-inner-section elementor-element elementor-element-2512e2b elementor-section-boxed elementor-section-height-default elementor-section-height-default wpr-particle-no wpr-jarallax-no wpr-parallax-no wpr-sticky-section-no\" data-id=\"2512e2b\" data-element_type=\"section\">\n\t\t\t\t\t\t<div class=\"elementor-container elementor-column-gap-no\">\n\t\t\t\t\t<div class=\"elementor-column elementor-col-100 elementor-inner-column elementor-element elementor-element-056b15f\" data-id=\"056b15f\" data-element_type=\"column\">\n\t\t\t<div class=\"elementor-widget-wrap elementor-element-populated\">\n\t\t\t\t\t\t<div class=\"elementor-element elementor-element-53a0a4e elementor-invisible elementor-widget elementor-widget-heading\" data-id=\"53a0a4e\" data-element_type=\"widget\" data-settings=\"{&quot;_animation&quot;:&quot;fadeInUp&quot;}\" data-widget_type=\"heading.default\">\n\t\t\t\t<div class=\"elementor-widget-container\">\n\t\t\t\t\t<h2 class=\"elementor-heading-title elementor-size-default\">Je soumets un projet<\/h2>\t\t\t\t<\/div>\n\t\t\t\t<\/div>\n\t\t<div class=\"elementor-element elementor-element-259f90f e-flex e-con-boxed wpr-particle-no wpr-jarallax-no wpr-parallax-no wpr-sticky-section-no e-con e-parent\" data-id=\"259f90f\" data-element_type=\"container\">\n\t\t\t\t\t<div class=\"e-con-inner\">\n\t\t\t\t<div class=\"elementor-element elementor-element-893c2a3 elementor-widget elementor-widget-text-editor\" data-id=\"893c2a3\" data-element_type=\"widget\" data-widget_type=\"text-editor.default\">\n\t\t\t\t<div class=\"elementor-widget-container\">\n\t\t\t\t\t\t\t\t\t<h5>Votre id\u00e9e peut faire vibrer le Bicentenaire !<\/h5><p>Nous invitons l&#8217;ensemble des anciens \u00e9l\u00e8ves, des partenaires et des amis du LFIP \u00e0 proposer des projets pour enrichir le programme du Bicentenaire :<br \/>\u2022\u2060 \u2060T\u00e9moignages, expositions, publications<br \/>\u2022\u2060 \u2060Spectacles, concerts, performances artistiques<br \/>\u2022\u2060 \u2060\u00c9v\u00e9nements sportifs, tournois, challenges<br \/>\u2022\u2060 \u2060Rencontres, conf\u00e9rences, tables rondes<br \/>\u2022\u2060 \u2060Actions solidaires ou \u00e9cologiques<\/p><p><strong>Tous les formats sont les bienvenus !<\/strong><\/p><p><strong>Que vous souhaitiez contribuer par une id\u00e9e, une initiative ou une participation active, votre engagement est pr\u00e9cieux !<\/strong><\/p><p>Comment proposer un projet ?<\/p><p>1.\u2060 \u2060Remplissez le formulaire de d\u00e9p\u00f4t de projet ci-dessous<br \/>2.\u2060 \u2060D\u00e9crivez votre projet en quelques lignes<br \/>3.\u2060 \u2060Nous prendrons contact avec vous rapidement !<\/p>\t\t\t\t\t\t\t\t<\/div>\n\t\t\t\t<\/div>\n\t\t\t\t\t<\/div>\n\t\t\t\t<\/div>\n\t\t\t\t<div class=\"elementor-element elementor-element-a1aa1bc elementor-widget elementor-widget-wpforms\" data-id=\"a1aa1bc\" data-element_type=\"widget\" data-widget_type=\"wpforms.default\">\n\t\t\t\t<div class=\"elementor-widget-container\">\n\t\t\t\t\t<style id=\"wpforms-css-vars-elementor-widget-a1aa1bc\">\n\t\t\t\t.elementor-widget-wpforms.elementor-element-a1aa1bc {\n\t\t\t\t--wpforms-field-size-input-height: 43px;\n--wpforms-field-size-input-spacing: 15px;\n--wpforms-field-size-font-size: 16px;\n--wpforms-field-size-line-height: 19px;\n--wpforms-field-size-padding-h: 14px;\n--wpforms-field-size-checkbox-size: 16px;\n--wpforms-field-size-sublabel-spacing: 5px;\n--wpforms-field-size-icon-size: 1;\n--wpforms-label-size-font-size: 16px;\n--wpforms-label-size-line-height: 19px;\n--wpforms-label-size-sublabel-font-size: 14px;\n--wpforms-label-size-sublabel-line-height: 17px;\n--wpforms-button-size-font-size: 17px;\n--wpforms-button-size-height: 41px;\n--wpforms-button-size-padding-h: 15px;\n--wpforms-button-size-margin-top: 10px;\n\n\t\t\t}\n\t\t\t<\/style><div class=\"wpforms-container wpforms-container-full wpforms-render-modern\" id=\"wpforms-258\"><form id=\"wpforms-form-258\" class=\"wpforms-validate wpforms-form wpforms-ajax-form\" data-formid=\"258\" method=\"post\" enctype=\"multipart\/form-data\" action=\"\/index.php\/wp-json\/wp\/v2\/pages\/52\" data-token=\"dd7b72364910e20a266a34f6069fbbf0\" data-token-time=\"1778763232\"><div class=\"wpforms-head-container\"><div class=\"wpforms-title\">Bicentenaire du LFIP<\/div><\/div><noscript class=\"wpforms-error-noscript\">Please enable JavaScript in your browser to complete this form.<\/noscript><div class=\"wpforms-hidden\" id=\"wpforms-error-noscript\">Please enable JavaScript in your browser to complete this form.<\/div><div class=\"wpforms-field-container\"><div id=\"wpforms-258-field_1-container\" class=\"wpforms-field wpforms-field-text\" data-field-id=\"1\"><label class=\"wpforms-field-label\" for=\"wpforms-258-field_1\">Nom - Pr\u00e9nom du porteur de projet <span class=\"wpforms-required-label\" aria-hidden=\"true\">*<\/span><\/label><input type=\"text\" id=\"wpforms-258-field_1\" class=\"wpforms-field-medium wpforms-field-required\" name=\"wpforms[fields][1]\" aria-errormessage=\"wpforms-258-field_1-error\" required><\/div><div id=\"wpforms-258-field_11-container\" class=\"wpforms-field wpforms-field-email\" data-field-id=\"11\"><label class=\"wpforms-field-label\" for=\"wpforms-258-field_11\">Votre mail de contact <span class=\"wpforms-required-label\" aria-hidden=\"true\">*<\/span><\/label><input type=\"email\" id=\"wpforms-258-field_11\" class=\"wpforms-field-medium wpforms-field-required\" name=\"wpforms[fields][11]\" spellcheck=\"false\" aria-errormessage=\"wpforms-258-field_11-error\" required><\/div><div id=\"wpforms-258-field_16-container\" class=\"wpforms-field wpforms-field-number\" data-field-id=\"16\"><label class=\"wpforms-field-label\" for=\"wpforms-258-field_16\">T\u00e9l\u00e9phone<\/label><input type=\"number\" id=\"wpforms-258-field_16\" class=\"wpforms-field-medium\" name=\"wpforms[fields][16]\" step=\"any\" aria-errormessage=\"wpforms-258-field_16-error\" ><\/div><div id=\"wpforms-258-field_2-container\" class=\"wpforms-field wpforms-field-radio\" data-field-id=\"2\"><fieldset><legend class=\"wpforms-field-label\">Votre lien avec le lyc\u00e9e <span class=\"wpforms-required-label\" aria-hidden=\"true\">*<\/span><\/legend><ul id=\"wpforms-258-field_2\" class=\"wpforms-field-required\"><li class=\"choice-1 depth-1\"><input type=\"radio\" id=\"wpforms-258-field_2_1\" name=\"wpforms[fields][2]\" value=\"Ancien \u00e9l\u00e8ve\" aria-errormessage=\"wpforms-258-field_2_1-error\" required ><label class=\"wpforms-field-label-inline\" for=\"wpforms-258-field_2_1\">Ancien \u00e9l\u00e8ve<\/label><\/li><li class=\"choice-2 depth-1\"><input type=\"radio\" id=\"wpforms-258-field_2_2\" name=\"wpforms[fields][2]\" value=\"Ami du lyc\u00e9e\" aria-errormessage=\"wpforms-258-field_2_2-error\" required ><label class=\"wpforms-field-label-inline\" for=\"wpforms-258-field_2_2\">Ami du lyc\u00e9e<\/label><\/li><li class=\"choice-3 depth-1\"><input type=\"radio\" id=\"wpforms-258-field_2_3\" name=\"wpforms[fields][2]\" value=\"Personnel enseignant ou admnistratif\" aria-errormessage=\"wpforms-258-field_2_3-error\" required ><label class=\"wpforms-field-label-inline\" for=\"wpforms-258-field_2_3\">Personnel enseignant ou admnistratif<\/label><\/li><li class=\"choice-4 depth-1\"><input type=\"radio\" id=\"wpforms-258-field_2_4\" name=\"wpforms[fields][2]\" value=\"Autre\" aria-errormessage=\"wpforms-258-field_2_4-error\" required ><label class=\"wpforms-field-label-inline\" for=\"wpforms-258-field_2_4\">Autre<\/label><\/li><\/ul><\/fieldset><\/div><div id=\"wpforms-258-field_3-container\" class=\"wpforms-field wpforms-field-textarea\" data-field-id=\"3\"><label class=\"wpforms-field-label\" for=\"wpforms-258-field_3\">Listez le cas \u00e9ch\u00e9ant les autres membres de l&#039;\u00e9quipe de votre projet<\/label><textarea id=\"wpforms-258-field_3\" class=\"wpforms-field-medium\" name=\"wpforms[fields][3]\" aria-errormessage=\"wpforms-258-field_3-error\" ><\/textarea><\/div><div id=\"wpforms-258-field_4-container\" class=\"wpforms-field wpforms-field-text\" data-field-id=\"4\"><label class=\"wpforms-field-label\" for=\"wpforms-258-field_4\">Nom de votre projet <span class=\"wpforms-required-label\" aria-hidden=\"true\">*<\/span><\/label><input type=\"text\" id=\"wpforms-258-field_4\" class=\"wpforms-field-medium wpforms-field-required\" name=\"wpforms[fields][4]\" aria-errormessage=\"wpforms-258-field_4-error\" required><\/div><div id=\"wpforms-258-field_5-container\" class=\"wpforms-field wpforms-field-textarea\" data-field-id=\"5\"><label class=\"wpforms-field-label\" for=\"wpforms-258-field_5\">Description d\u00e9taill\u00e9e de votre projet  <span class=\"wpforms-required-label\" aria-hidden=\"true\">*<\/span><\/label><textarea id=\"wpforms-258-field_5\" class=\"wpforms-field-medium wpforms-field-required\" name=\"wpforms[fields][5]\" aria-errormessage=\"wpforms-258-field_5-error\" aria-describedby=\"wpforms-258-field_5-description\" required><\/textarea><div id=\"wpforms-258-field_5-description\" class=\"wpforms-field-description\">Objectifs, cibles &amp; d\u00e9roulement<\/div><\/div><div id=\"wpforms-258-field_6-container\" class=\"wpforms-field wpforms-field-textarea\" data-field-id=\"6\"><label class=\"wpforms-field-label\" for=\"wpforms-258-field_6\">Impact et valeur ajout\u00e9e   <span class=\"wpforms-required-label\" aria-hidden=\"true\">*<\/span><\/label><textarea id=\"wpforms-258-field_6\" class=\"wpforms-field-medium wpforms-field-required\" name=\"wpforms[fields][6]\" aria-errormessage=\"wpforms-258-field_6-error\" aria-describedby=\"wpforms-258-field_6-description\" required><\/textarea><div id=\"wpforms-258-field_6-description\" class=\"wpforms-field-description\">Comment ce projet contribue-t-il aux c\u00e9l\u00e9brations du bicentenaire ? En quoi ce projet est-il innovant ou pertinent pour cet anniversaire ?<\/div><\/div><div id=\"wpforms-258-field_7-container\" class=\"wpforms-field wpforms-field-textarea\" data-field-id=\"7\"><label class=\"wpforms-field-label\" for=\"wpforms-258-field_7\">Modalit\u00e9s pratiques <span class=\"wpforms-required-label\" aria-hidden=\"true\">*<\/span><\/label><textarea id=\"wpforms-258-field_7\" class=\"wpforms-field-medium wpforms-field-required\" name=\"wpforms[fields][7]\" aria-errormessage=\"wpforms-258-field_7-error\" aria-describedby=\"wpforms-258-field_7-description\" required><\/textarea><div id=\"wpforms-258-field_7-description\" class=\"wpforms-field-description\">Dur\u00e9e estim\u00e9e, lieu envisag\u00e9, nombre de participants pr\u00e9vu, budget estim\u00e9 si applicable<\/div><\/div><div id=\"wpforms-258-field_8-container\" class=\"wpforms-field wpforms-field-textarea\" data-field-id=\"8\"><label class=\"wpforms-field-label\" for=\"wpforms-258-field_8\">Besoins et soutiens requis <span class=\"wpforms-required-label\" aria-hidden=\"true\">*<\/span><\/label><textarea id=\"wpforms-258-field_8\" class=\"wpforms-field-medium wpforms-field-required\" name=\"wpforms[fields][8]\" aria-errormessage=\"wpforms-258-field_8-error\" aria-describedby=\"wpforms-258-field_8-description\" required><\/textarea><div id=\"wpforms-258-field_8-description\" class=\"wpforms-field-description\">Exemple : mat\u00e9riel, logistique, communication, etc.<\/div><\/div><div id=\"wpforms-258-field_9-container\" class=\"wpforms-field wpforms-field-textarea\" data-field-id=\"9\"><label class=\"wpforms-field-label\" for=\"wpforms-258-field_9\">Calendrier pr\u00e9visionnel de mise en \u0153uvre du projet <span class=\"wpforms-required-label\" aria-hidden=\"true\">*<\/span><\/label><textarea id=\"wpforms-258-field_9\" class=\"wpforms-field-medium wpforms-field-required\" name=\"wpforms[fields][9]\" aria-errormessage=\"wpforms-258-field_9-error\" aria-describedby=\"wpforms-258-field_9-description\" required><\/textarea><div id=\"wpforms-258-field_9-description\" class=\"wpforms-field-description\">Calendrier pr\u00e9visionnel de mise en \u0153uvre du projet<\/div><\/div><div id=\"wpforms-258-field_10-container\" class=\"wpforms-field wpforms-field-textarea\" data-field-id=\"10\"><label class=\"wpforms-field-label\" for=\"wpforms-258-field_10\">Informations compl\u00e9mentaires<\/label><textarea id=\"wpforms-258-field_10\" class=\"wpforms-field-medium\" name=\"wpforms[fields][10]\" aria-errormessage=\"wpforms-258-field_10-error\" ><\/textarea><\/div><div id=\"wpforms-258-field_15-container\" class=\"wpforms-field wpforms-field-content\" data-field-id=\"15\"><div id=\"wpforms-258-field_15\" class=\"wpforms-field-medium wpforms-field-row\" aria-errormessage=\"wpforms-258-field_15-error\"><h4>Merci pour votre contribution au bicentenaire du Lyc\u00e9e Fran\u00e7ais de Pondich\u00e9ry !<\/h4>\n<p>L\u2019\u00e9quipe organisatrice reviendra vers vous pour discuter de la faisabilit\u00e9 et de l\u2019int\u00e9gration de votre projet dans le programme global.<\/p>\n<p>En soumettant ce formulaire, vous acceptez que vos donn\u00e9es soient collect\u00e9es et utilis\u00e9es exclusivement dans le cadre de l\u2019organisation du bicentenaire du Lyc\u00e9e Fran\u00e7ais de Pondich\u00e9ry.<br \/>\nConform\u00e9ment au R\u00e8glement G\u00e9n\u00e9ral sur la Protection des Donn\u00e9es (RGPD), vous disposez d\u2019un droit d\u2019acc\u00e8s, de rectification et de suppression de vos donn\u00e9es.<br \/>\nPour exercer ces droits, vous pouvez nous contacter \u00e0 lfipalumni@gmail.com.<\/p>\n<div class=\"wpforms-field-content-display-frontend-clear\"><\/div><\/div><\/div><\/div><!-- .wpforms-field-container --><div class=\"wpforms-submit-container\" ><input type=\"hidden\" name=\"wpforms[id]\" value=\"258\"><input type=\"hidden\" name=\"page_title\" value=\"\"><input type=\"hidden\" name=\"page_url\" value=\"https:\/\/bicentenaire.lfip-alumni.com\/index.php\/wp-json\/wp\/v2\/pages\/52\"><input type=\"hidden\" name=\"url_referer\" value=\"\"><button type=\"submit\" name=\"wpforms[submit]\" id=\"wpforms-submit-258\" class=\"wpforms-submit\" data-alt-text=\"Envoie en cours\" data-submit-text=\"Envoyer\" aria-live=\"assertive\" value=\"wpforms-submit\">Envoyer<\/button><img decoding=\"async\" src=\"https:\/\/bicentenaire.lfip-alumni.com\/wp-content\/plugins\/wpforms\/assets\/images\/submit-spin.svg\" class=\"wpforms-submit-spinner\" style=\"display: none;\" width=\"26\" height=\"26\" alt=\"Loading\"><\/div><\/form><\/div>  <!-- .wpforms-container -->\t\t\t\t<\/div>\n\t\t\t\t<\/div>\n\t\t\t\t\t<\/div>\n\t\t<\/div>\n\t\t\t\t\t<\/div>\n\t\t<\/section>\n\t\t\t\t\t<\/div>\n\t\t<\/div>\n\t\t\t\t\t<\/div>\n\t\t<\/section>\n\t\t\t\t<\/div>\n\t\t","protected":false},"excerpt":{"rendered":"<p>Je soumets un projet Votre id\u00e9e peut faire vibrer le Bicentenaire ! Nous invitons l&#8217;ensemble des anciens \u00e9l\u00e8ves, des partenaires et des amis du LFIP \u00e0 proposer des projets pour enrichir le programme du Bicentenaire :\u2022\u2060 \u2060T\u00e9moignages, expositions, publications\u2022\u2060 \u2060Spectacles, concerts, performances artistiques\u2022\u2060 \u2060\u00c9v\u00e9nements sportifs, tournois, challenges\u2022\u2060 \u2060Rencontres, conf\u00e9rences, tables rondes\u2022\u2060 \u2060Actions solidaires ou \u00e9cologiques Tous les formats sont les bienvenus ! Que vous souhaitiez contribuer par une id\u00e9e, une initiative ou une participation active, votre engagement est pr\u00e9cieux ! Comment proposer un projet ? 1.\u2060 \u2060Remplissez le formulaire de d\u00e9p\u00f4t de projet ci-dessous2.\u2060 \u2060D\u00e9crivez votre projet en quelques lignes3.\u2060 \u2060Nous prendrons contact avec vous rapidement ! Bicentenaire du LFIPPlease enable JavaScript in your browser to complete this form.Please enable JavaScript in your browser to complete this form.Nom &#8211; Pr\u00e9nom du porteur de projet *Votre mail de contact *T\u00e9l\u00e9phone Votre lien avec le lyc\u00e9e * Ancien \u00e9l\u00e8ve Ami du lyc\u00e9e Personnel enseignant ou admnistratif Autre Listez le cas \u00e9ch\u00e9ant les autres membres de l&#039;\u00e9quipe de votre projetNom de votre projet *Description d\u00e9taill\u00e9e de votre projet *Objectifs, cibles &amp; d\u00e9roulementImpact et valeur ajout\u00e9e *Comment ce projet contribue-t-il aux c\u00e9l\u00e9brations du bicentenaire ? En quoi ce projet est-il innovant ou pertinent pour cet anniversaire ?Modalit\u00e9s pratiques *Dur\u00e9e estim\u00e9e, lieu envisag\u00e9, nombre de participants pr\u00e9vu, budget estim\u00e9 si applicableBesoins et soutiens requis *Exemple : mat\u00e9riel, logistique, communication, etc.Calendrier pr\u00e9visionnel de mise en \u0153uvre du projet *Calendrier pr\u00e9visionnel de mise en \u0153uvre du projetInformations compl\u00e9mentaires Merci pour votre contribution au bicentenaire du Lyc\u00e9e Fran\u00e7ais de Pondich\u00e9ry ! L\u2019\u00e9quipe organisatrice reviendra vers vous pour discuter de la faisabilit\u00e9 et de l\u2019int\u00e9gration de votre projet dans le programme global. En soumettant ce formulaire, vous acceptez que vos donn\u00e9es soient collect\u00e9es et utilis\u00e9es exclusivement dans le cadre de l\u2019organisation du bicentenaire du Lyc\u00e9e Fran\u00e7ais de Pondich\u00e9ry. Conform\u00e9ment au R\u00e8glement G\u00e9n\u00e9ral sur la Protection des Donn\u00e9es (RGPD), vous disposez d\u2019un droit d\u2019acc\u00e8s, de rectification et de suppression de vos donn\u00e9es. Pour exercer ces droits, vous pouvez nous contacter \u00e0 lfipalumni@gmail.com. Envoyer<\/p>\n","protected":false},"author":1,"featured_media":0,"parent":0,"menu_order":0,"comment_status":"closed","ping_status":"closed","template":"elementor_header_footer","meta":{"footnotes":""},"class_list":["post-52","page","type-page","status-publish","hentry"],"_links":{"self":[{"href":"https:\/\/bicentenaire.lfip-alumni.com\/index.php\/wp-json\/wp\/v2\/pages\/52","targetHints":{"allow":["GET"]}}],"collection":[{"href":"https:\/\/bicentenaire.lfip-alumni.com\/index.php\/wp-json\/wp\/v2\/pages"}],"about":[{"href":"https:\/\/bicentenaire.lfip-alumni.com\/index.php\/wp-json\/wp\/v2\/types\/page"}],"author":[{"embeddable":true,"href":"https:\/\/bicentenaire.lfip-alumni.com\/index.php\/wp-json\/wp\/v2\/users\/1"}],"replies":[{"embeddable":true,"href":"https:\/\/bicentenaire.lfip-alumni.com\/index.php\/wp-json\/wp\/v2\/comments?post=52"}],"version-history":[{"count":32,"href":"https:\/\/bicentenaire.lfip-alumni.com\/index.php\/wp-json\/wp\/v2\/pages\/52\/revisions"}],"predecessor-version":[{"id":2013,"href":"https:\/\/bicentenaire.lfip-alumni.com\/index.php\/wp-json\/wp\/v2\/pages\/52\/revisions\/2013"}],"wp:attachment":[{"href":"https:\/\/bicentenaire.lfip-alumni.com\/index.php\/wp-json\/wp\/v2\/media?parent=52"}],"curies":[{"name":"wp","href":"https:\/\/api.w.org\/{rel}","templated":true}]}}