{"id":49,"date":"2025-02-20T14:19:37","date_gmt":"2025-02-20T14:19:37","guid":{"rendered":"https:\/\/bicentenaire.lfip-alumni.com\/index.php\/episode-single\/"},"modified":"2026-01-20T18:17:34","modified_gmt":"2026-01-20T18:17:34","slug":"episode-single","status":"publish","type":"page","link":"https:\/\/bicentenaire.lfip-alumni.com\/index.php\/episode-single\/","title":{"rendered":"Anthologie du Bicentenaire"},"content":{"rendered":"\t\t<div data-elementor-type=\"wp-page\" data-elementor-id=\"49\" class=\"elementor elementor-49\" data-elementor-post-type=\"page\">\n\t\t\t\t<div class=\"elementor-element elementor-element-5dbf19b e-flex e-con-boxed wpr-particle-no wpr-jarallax-no wpr-parallax-no wpr-sticky-section-no e-con e-parent\" data-id=\"5dbf19b\" data-element_type=\"container\">\n\t\t\t\t\t<div class=\"e-con-inner\">\n\t\t\t\t<div class=\"elementor-element elementor-element-dc7aabc elementor-invisible elementor-widget elementor-widget-heading\" data-id=\"dc7aabc\" data-element_type=\"widget\" data-settings=\"{&quot;_animation&quot;:&quot;fadeInUp&quot;}\" data-widget_type=\"heading.default\">\n\t\t\t\t<div class=\"elementor-widget-container\">\n\t\t\t\t\t<h2 class=\"elementor-heading-title elementor-size-default\"><span style=\"font-family: Rubik, sans-serif;font-size: 2rem;text-align: center\">L\u2019Anthologie du Bicentenaire du LFIP<\/span><\/h2>\t\t\t\t<\/div>\n\t\t\t\t<\/div>\n\t\t\t\t<div class=\"elementor-element elementor-element-bdaa6a0 animated-slow elementor-invisible elementor-widget elementor-widget-text-editor\" data-id=\"bdaa6a0\" data-element_type=\"widget\" data-settings=\"{&quot;_animation&quot;:&quot;fadeIn&quot;}\" data-widget_type=\"text-editor.default\">\n\t\t\t\t<div class=\"elementor-widget-container\">\n\t\t\t\t\t\t\t\t\t<p>Recueil de nouvelles \u00e9crites par les \u00e9l\u00e8ves et anciens \u00e9l\u00e8ves, professeurs et salari\u00e9s du LFIP dans le cadre du bicentenaire du lyc\u00e9e fran\u00e7ais de Pondich\u00e9ry.<\/p>\t\t\t\t\t\t\t\t<\/div>\n\t\t\t\t<\/div>\n\t\t\t\t<div class=\"elementor-element elementor-element-0ba0db1 animated-slow elementor-invisible elementor-widget elementor-widget-text-editor\" data-id=\"0ba0db1\" data-element_type=\"widget\" data-settings=\"{&quot;_animation&quot;:&quot;fadeIn&quot;}\" data-widget_type=\"text-editor.default\">\n\t\t\t\t<div class=\"elementor-widget-container\">\n\t\t\t\t\t\t\t\t\t<h6>Porteurs de projet\u00a0: Sendil Malone et Ari Gautier<\/h6>\t\t\t\t\t\t\t\t<\/div>\n\t\t\t\t<\/div>\n\t\t\t\t\t<\/div>\n\t\t\t\t<\/div>\n\t\t<div class=\"elementor-element elementor-element-3069da9 e-flex e-con-boxed wpr-particle-no wpr-jarallax-no wpr-parallax-no wpr-sticky-section-no e-con e-parent\" data-id=\"3069da9\" data-element_type=\"container\" data-settings=\"{&quot;background_background&quot;:&quot;classic&quot;}\">\n\t\t\t\t\t<div class=\"e-con-inner\">\n\t\t<div class=\"elementor-element elementor-element-fdd03bf e-con-full e-flex wpr-particle-no wpr-jarallax-no wpr-parallax-no wpr-sticky-section-no elementor-invisible e-con e-child\" data-id=\"fdd03bf\" data-element_type=\"container\" data-settings=\"{&quot;animation&quot;:&quot;fadeInLeft&quot;}\">\n\t\t\t\t<div class=\"elementor-element elementor-element-5e3b658 elementor-widget elementor-widget-spacer\" data-id=\"5e3b658\" data-element_type=\"widget\" data-widget_type=\"spacer.default\">\n\t\t\t\t<div class=\"elementor-widget-container\">\n\t\t\t\t\t\t\t<div class=\"elementor-spacer\">\n\t\t\t<div class=\"elementor-spacer-inner\"><\/div>\n\t\t<\/div>\n\t\t\t\t\t\t<\/div>\n\t\t\t\t<\/div>\n\t\t\t\t<div class=\"elementor-element elementor-element-78794cf elementor-widget elementor-widget-text-editor\" data-id=\"78794cf\" data-element_type=\"widget\" data-widget_type=\"text-editor.default\">\n\t\t\t\t<div class=\"elementor-widget-container\">\n\t\t\t\t\t\t\t\t\t<p>Dans le cadre de la comm\u00e9moration du bicentenaire du LFIP en octobre 2026, l\u2019association LFIP Alumni, lance un appel \u00e0 \u00e9criture pour \u00e9diter l\u2019Anthologie du Lyc\u00e9e Fran\u00e7ais de Pondich\u00e9ry.<br \/><br \/>Les nouvelles s\u00e9lectionn\u00e9es seront \u00e9dit\u00e9es dans un ouvrage comm\u00e9moratif qui sera pr\u00e9sent\u00e9 lors du grand rassemblement des alumni four f\u00eater le bicentenaire du 15 au 18 octobre 2026.<\/p>\t\t\t\t\t\t\t\t<\/div>\n\t\t\t\t<\/div>\n\t\t\t\t<\/div>\n\t\t<div class=\"elementor-element elementor-element-e3da788 e-con-full e-flex wpr-particle-no wpr-jarallax-no wpr-parallax-no wpr-sticky-section-no elementor-invisible e-con e-child\" data-id=\"e3da788\" data-element_type=\"container\" data-settings=\"{&quot;animation&quot;:&quot;fadeInRight&quot;}\">\n\t\t\t\t<div class=\"elementor-element elementor-element-718c78c elementor-widget elementor-widget-image\" data-id=\"718c78c\" data-element_type=\"widget\" data-widget_type=\"image.default\">\n\t\t\t\t<div class=\"elementor-widget-container\">\n\t\t\t\t\t\t\t\t\t\t\t\t\t\t\t<img fetchpriority=\"high\" decoding=\"async\" width=\"203\" height=\"300\" src=\"https:\/\/bicentenaire.lfip-alumni.com\/wp-content\/uploads\/2025\/05\/exclusive-1-203x300.png\" class=\"attachment-medium size-medium wp-image-1340\" alt=\"\" srcset=\"https:\/\/bicentenaire.lfip-alumni.com\/wp-content\/uploads\/2025\/05\/exclusive-1-203x300.png 203w, https:\/\/bicentenaire.lfip-alumni.com\/wp-content\/uploads\/2025\/05\/exclusive-1-692x1024.png 692w, https:\/\/bicentenaire.lfip-alumni.com\/wp-content\/uploads\/2025\/05\/exclusive-1.png 724w\" sizes=\"(max-width: 203px) 100vw, 203px\" \/>\t\t\t\t\t\t\t\t\t\t\t\t\t\t\t<\/div>\n\t\t\t\t<\/div>\n\t\t\t\t<\/div>\n\t\t\t\t\t<\/div>\n\t\t\t\t<\/div>\n\t\t<div class=\"elementor-element elementor-element-cc3564a animated-slow e-flex e-con-boxed wpr-particle-no wpr-jarallax-no wpr-parallax-no wpr-sticky-section-no elementor-invisible e-con e-parent\" data-id=\"cc3564a\" data-element_type=\"container\" data-settings=\"{&quot;animation&quot;:&quot;fadeIn&quot;}\">\n\t\t\t\t\t<div class=\"e-con-inner\">\n\t\t\t\t<div class=\"elementor-element elementor-element-2b66e09 elementor-widget elementor-widget-spacer\" data-id=\"2b66e09\" data-element_type=\"widget\" data-widget_type=\"spacer.default\">\n\t\t\t\t<div class=\"elementor-widget-container\">\n\t\t\t\t\t\t\t<div class=\"elementor-spacer\">\n\t\t\t<div class=\"elementor-spacer-inner\"><\/div>\n\t\t<\/div>\n\t\t\t\t\t\t<\/div>\n\t\t\t\t<\/div>\n\t\t\t\t<div class=\"elementor-element elementor-element-6e45cf2 elementor-widget elementor-widget-heading\" data-id=\"6e45cf2\" data-element_type=\"widget\" data-widget_type=\"heading.default\">\n\t\t\t\t<div class=\"elementor-widget-container\">\n\t\t\t\t\t<h2 class=\"elementor-heading-title elementor-size-default\">D\u00e9tail de l\u2019appel \u00e0 \u00e9criture\u00a0:<\/h2>\t\t\t\t<\/div>\n\t\t\t\t<\/div>\n\t\t\t\t<div class=\"elementor-element elementor-element-7819562 animated-slow wpr-feature-list-left wpr-feature-list-square wpr-feature-list-line-yes elementor-invisible elementor-widget elementor-widget-wpr-feature-list\" data-id=\"7819562\" data-element_type=\"widget\" data-settings=\"{&quot;_animation&quot;:&quot;fadeIn&quot;}\" data-widget_type=\"wpr-feature-list.default\">\n\t\t\t\t<div class=\"elementor-widget-container\">\n\t\t\t\t\t<div class=\"wpr-feature-list-wrap\"><ul class=\"wpr-feature-list\"><li class=\"wpr-feature-list-item elementor-repeater-item-7e5f902\"><div class=\"wpr-feature-list-icon-wrap\"><span class=\"wpr-feature-list-line\"><\/span><div class=\"wpr-feature-list-icon-inner-wrap\"><i aria-hidden=\"true\" class=\"icon icon-Target\"><\/i><\/div><\/div><div class=\"wpr-feature-list-content-wrap\"><h4 class=\"wpr-feature-list-title\"><a class=\"wpr-feature-list-url\" target=\"_blank\" rel=\"nofollow\">Public concern\u00e9<\/a><\/h4><p class=\"wpr-feature-list-description\">Les anciens \u00e9l\u00e8ves, \u00e9l\u00e8ves et professeurs, personnels du Lyc\u00e9e Fran\u00e7ais de Pondich\u00e9ry\npourront soumettre leurs projets de nouvelle (cinq \u00e0 quinze pages).<\/p><\/div><\/li><li class=\"wpr-feature-list-item elementor-repeater-item-671364f\"><div class=\"wpr-feature-list-icon-wrap\"><span class=\"wpr-feature-list-line\"><\/span><div class=\"wpr-feature-list-icon-inner-wrap\"><i aria-hidden=\"true\" class=\"icon icon-Document-Search\"><\/i><\/div><\/div><div class=\"wpr-feature-list-content-wrap\"><h4 class=\"wpr-feature-list-title\"><a class=\"wpr-feature-list-url\" target=\"_blank\" rel=\"nofollow\">S\u00e9lection des textes<\/a><\/h4><p class=\"wpr-feature-list-description\">Un comit\u00e9 de s\u00e9lection choisira les meilleures nouvelles (entre 10 et 15).<\/p><\/div><\/li><li class=\"wpr-feature-list-item elementor-repeater-item-8d57b95\"><div class=\"wpr-feature-list-icon-wrap\"><span class=\"wpr-feature-list-line\"><\/span><div class=\"wpr-feature-list-icon-inner-wrap\"><i aria-hidden=\"true\" class=\"icon icon-open-book1\"><\/i><\/div><\/div><div class=\"wpr-feature-list-content-wrap\"><h4 class=\"wpr-feature-list-title\"><a class=\"wpr-feature-list-url\" target=\"_blank\" rel=\"nofollow\">Publication de l\u2019anthologie<\/a><\/h4><p class=\"wpr-feature-list-description\">L\u2019Anthologie du Bicentenaire du Lyc\u00e9e Fran\u00e7ais de Pondich\u00e9ry sera imprim\u00e9e en Inde ou en France.<\/p><\/div><\/li><li class=\"wpr-feature-list-item elementor-repeater-item-2d12a7f\"><div class=\"wpr-feature-list-icon-wrap\"><span class=\"wpr-feature-list-line\"><\/span><div class=\"wpr-feature-list-icon-inner-wrap\"><i aria-hidden=\"true\" class=\"icon icon-open-book\"><\/i><\/div><\/div><div class=\"wpr-feature-list-content-wrap\"><h4 class=\"wpr-feature-list-title\"><a class=\"wpr-feature-list-url\" target=\"_blank\" rel=\"nofollow\">Cadre \u00e9ditorial<\/a><\/h4><p class=\"wpr-feature-list-description\">L\u2019\u00e9dition de l\u2019ouvrage est r\u00e9alis\u00e9e dans un but comm\u00e9moratif et sans but lucratif.\n\u2013 Les droits d\u2019auteurs sont c\u00e9d\u00e9s \u00e0 ALUMNI LFIP \u00e0 titre gratuit dans le cadre de l\u2019\u00e9dition de l\u2019Anthologie.<\/p><\/div><\/li><li class=\"wpr-feature-list-item elementor-repeater-item-d9bf3fd\"><div class=\"wpr-feature-list-icon-wrap\"><span class=\"wpr-feature-list-line\"><\/span><div class=\"wpr-feature-list-icon-inner-wrap\"><svg aria-hidden=\"true\" class=\"e-font-icon-svg e-fas-check-circle\" viewBox=\"0 0 512 512\" xmlns=\"http:\/\/www.w3.org\/2000\/svg\"><path d=\"M504 256c0 136.967-111.033 248-248 248S8 392.967 8 256 119.033 8 256 8s248 111.033 248 248zM227.314 387.314l184-184c6.248-6.248 6.248-16.379 0-22.627l-22.627-22.627c-6.248-6.249-16.379-6.249-22.628 0L216 308.118l-70.059-70.059c-6.248-6.248-16.379-6.248-22.628 0l-22.627 22.627c-6.248 6.248-6.248 16.379 0 22.627l104 104c6.249 6.249 16.379 6.249 22.628.001z\"><\/path><\/svg><\/div><\/div><div class=\"wpr-feature-list-content-wrap\"><h4 class=\"wpr-feature-list-title\"><a class=\"wpr-feature-list-url\" target=\"_blank\" rel=\"nofollow\">Modalit\u00e9s de participation<\/a><\/h4><p class=\"wpr-feature-list-description\">Les projets devront \u00eatre adress\u00e9s \u00e0 l\u2019adresse mail : bicentenaire@lfip-alumni.com avant le 15 mars 2026.<\/p><\/div><\/li><\/ul><\/div>\t\t\t\t<\/div>\n\t\t\t\t<\/div>\n\t\t\t\t\t<\/div>\n\t\t\t\t<\/div>\n\t\t<div class=\"elementor-element elementor-element-e739a10 e-flex e-con-boxed wpr-particle-no wpr-jarallax-no wpr-parallax-no wpr-sticky-section-no e-con e-parent\" data-id=\"e739a10\" data-element_type=\"container\">\n\t\t\t\t\t<div class=\"e-con-inner\">\n\t\t\t\t<div class=\"elementor-element elementor-element-e7eb0c6 elementor-align-center animated-slow elementor-invisible elementor-widget elementor-widget-button\" data-id=\"e7eb0c6\" data-element_type=\"widget\" data-settings=\"{&quot;_animation&quot;:&quot;fadeIn&quot;}\" data-widget_type=\"button.default\">\n\t\t\t\t<div class=\"elementor-widget-container\">\n\t\t\t\t\t\t\t\t\t<div class=\"elementor-button-wrapper\">\n\t\t\t\t\t<a class=\"elementor-button elementor-button-link elementor-size-sm\" href=\"https:\/\/bicentenaire.lfip-alumni.com\/wp-content\/uploads\/2026\/01\/Re\u0300glement-anthologie-3.pdf\" target=\"_blank\">\n\t\t\t\t\t\t<span class=\"elementor-button-content-wrapper\">\n\t\t\t\t\t\t\t\t\t<span class=\"elementor-button-text\">T\u00e9l\u00e9charger le r\u00e8glement complet             <\/span>\n\t\t\t\t\t<\/span>\n\t\t\t\t\t<\/a>\n\t\t\t\t<\/div>\n\t\t\t\t\t\t\t\t<\/div>\n\t\t\t\t<\/div>\n\t\t\t\t\t<\/div>\n\t\t\t\t<\/div>\n\t\t\t\t<\/div>\n\t\t","protected":false},"excerpt":{"rendered":"<p>L\u2019Anthologie du Bicentenaire du LFIP Recueil de nouvelles \u00e9crites par les \u00e9l\u00e8ves et anciens \u00e9l\u00e8ves, professeurs et salari\u00e9s du LFIP dans le cadre du bicentenaire du lyc\u00e9e fran\u00e7ais de Pondich\u00e9ry. Porteurs de projet\u00a0: Sendil Malone et Ari Gautier Dans le cadre de la comm\u00e9moration du bicentenaire du LFIP en octobre 2026, l\u2019association LFIP Alumni, lance un appel \u00e0 \u00e9criture pour \u00e9diter l\u2019Anthologie du Lyc\u00e9e Fran\u00e7ais de Pondich\u00e9ry. Les nouvelles s\u00e9lectionn\u00e9es seront \u00e9dit\u00e9es dans un ouvrage comm\u00e9moratif qui sera pr\u00e9sent\u00e9 lors du grand rassemblement des alumni four f\u00eater le bicentenaire du 15 au 18 octobre 2026. D\u00e9tail de l\u2019appel \u00e0 \u00e9criture\u00a0: Public concern\u00e9 Les anciens \u00e9l\u00e8ves, \u00e9l\u00e8ves et professeurs, personnels du Lyc\u00e9e Fran\u00e7ais de Pondich\u00e9ry pourront soumettre leurs projets de nouvelle (cinq \u00e0 quinze pages). S\u00e9lection des textes Un comit\u00e9 de s\u00e9lection choisira les meilleures nouvelles (entre 10 et 15). Publication de l\u2019anthologie L\u2019Anthologie du Bicentenaire du Lyc\u00e9e Fran\u00e7ais de Pondich\u00e9ry sera imprim\u00e9e en Inde ou en France. Cadre \u00e9ditorial L\u2019\u00e9dition de l\u2019ouvrage est r\u00e9alis\u00e9e dans un but comm\u00e9moratif et sans but lucratif. \u2013 Les droits d\u2019auteurs sont c\u00e9d\u00e9s \u00e0 ALUMNI LFIP \u00e0 titre gratuit dans le cadre de l\u2019\u00e9dition de l\u2019Anthologie. Modalit\u00e9s de participation Les projets devront \u00eatre adress\u00e9s \u00e0 l\u2019adresse mail : bicentenaire@lfip-alumni.com avant le 15 mars 2026. T\u00e9l\u00e9charger le r\u00e8glement complet<\/p>\n","protected":false},"author":1,"featured_media":0,"parent":0,"menu_order":0,"comment_status":"closed","ping_status":"closed","template":"elementor_header_footer","meta":{"footnotes":""},"class_list":["post-49","page","type-page","status-publish","hentry"],"_links":{"self":[{"href":"https:\/\/bicentenaire.lfip-alumni.com\/index.php\/wp-json\/wp\/v2\/pages\/49","targetHints":{"allow":["GET"]}}],"collection":[{"href":"https:\/\/bicentenaire.lfip-alumni.com\/index.php\/wp-json\/wp\/v2\/pages"}],"about":[{"href":"https:\/\/bicentenaire.lfip-alumni.com\/index.php\/wp-json\/wp\/v2\/types\/page"}],"author":[{"embeddable":true,"href":"https:\/\/bicentenaire.lfip-alumni.com\/index.php\/wp-json\/wp\/v2\/users\/1"}],"replies":[{"embeddable":true,"href":"https:\/\/bicentenaire.lfip-alumni.com\/index.php\/wp-json\/wp\/v2\/comments?post=49"}],"version-history":[{"count":148,"href":"https:\/\/bicentenaire.lfip-alumni.com\/index.php\/wp-json\/wp\/v2\/pages\/49\/revisions"}],"predecessor-version":[{"id":2050,"href":"https:\/\/bicentenaire.lfip-alumni.com\/index.php\/wp-json\/wp\/v2\/pages\/49\/revisions\/2050"}],"wp:attachment":[{"href":"https:\/\/bicentenaire.lfip-alumni.com\/index.php\/wp-json\/wp\/v2\/media?parent=49"}],"curies":[{"name":"wp","href":"https:\/\/api.w.org\/{rel}","templated":true}]}}