{"id":2301,"date":"2026-04-07T21:56:41","date_gmt":"2026-04-07T20:56:41","guid":{"rendered":"https:\/\/bicentenaire.lfip-alumni.com\/?page_id=2301"},"modified":"2026-04-07T22:35:05","modified_gmt":"2026-04-07T21:35:05","slug":"mecenat","status":"publish","type":"page","link":"https:\/\/bicentenaire.lfip-alumni.com\/index.php\/mecenat\/","title":{"rendered":"M\u00e9c\u00e9nat"},"content":{"rendered":"\t\t<div data-elementor-type=\"wp-page\" data-elementor-id=\"2301\" class=\"elementor elementor-2301\" data-elementor-post-type=\"page\">\n\t\t\t\t<div class=\"elementor-element elementor-element-d7d9da4 e-flex e-con-boxed wpr-particle-no wpr-jarallax-no wpr-parallax-no wpr-sticky-section-no e-con e-parent\" data-id=\"d7d9da4\" data-element_type=\"container\" data-settings=\"{&quot;background_background&quot;:&quot;classic&quot;}\">\n\t\t\t\t\t<div class=\"e-con-inner\">\n\t\t\t\t<div class=\"elementor-element elementor-element-9bad78a elementor-widget elementor-widget-spacer\" data-id=\"9bad78a\" data-element_type=\"widget\" data-widget_type=\"spacer.default\">\n\t\t\t\t<div class=\"elementor-widget-container\">\n\t\t\t\t\t\t\t<div class=\"elementor-spacer\">\n\t\t\t<div class=\"elementor-spacer-inner\"><\/div>\n\t\t<\/div>\n\t\t\t\t\t\t<\/div>\n\t\t\t\t<\/div>\n\t\t\t\t<div class=\"elementor-element elementor-element-53fc9b1 animated-slow elementor-invisible elementor-widget elementor-widget-heading\" data-id=\"53fc9b1\" data-element_type=\"widget\" data-settings=\"{&quot;_animation&quot;:&quot;fadeInUp&quot;}\" data-widget_type=\"heading.default\">\n\t\t\t\t<div class=\"elementor-widget-container\">\n\t\t\t\t\t<h2 class=\"elementor-heading-title elementor-size-default\">SOUTENEZ LE BICENTENAIRE<\/h2>\t\t\t\t<\/div>\n\t\t\t\t<\/div>\n\t\t\t\t<div class=\"elementor-element elementor-element-c347574 animated-slow elementor-invisible elementor-widget elementor-widget-text-editor\" data-id=\"c347574\" data-element_type=\"widget\" data-settings=\"{&quot;_animation&quot;:&quot;fadeIn&quot;}\" data-widget_type=\"text-editor.default\">\n\t\t\t\t<div class=\"elementor-widget-container\">\n\t\t\t\t\t\t\t\t\t<p>du Lyc\u00e9e Fran\u00e7ais International de Pondich\u00e9ry<\/p>\t\t\t\t\t\t\t\t<\/div>\n\t\t\t\t<\/div>\n\t\t\t\t<div class=\"elementor-element elementor-element-446d44b animated-slow elementor-invisible elementor-widget elementor-widget-text-editor\" data-id=\"446d44b\" data-element_type=\"widget\" data-settings=\"{&quot;_animation&quot;:&quot;fadeIn&quot;}\" data-widget_type=\"text-editor.default\">\n\t\t\t\t<div class=\"elementor-widget-container\">\n\t\t\t\t\t\t\t\t\t<div><div><div><div><p>Depuis deux si\u00e8cles, le Lyc\u00e9e Fran\u00e7ais International de Pondich\u00e9ry incarne un lieu unique de rencontre entre cultures, langues et g\u00e9n\u00e9rations. H\u00e9ritier d\u2019une histoire singuli\u00e8re au carrefour de la France et de l\u2019Inde, il n\u2019a cess\u00e9 de former des \u00e9l\u00e8ves ouverts sur le monde, porteurs de savoirs, de valeurs et d\u2019engagement.<\/p><p>En 2026, l\u2019\u00e9tablissement c\u00e9l\u00e9brera son bicentenaire. Cet anniversaire exceptionnel constitue \u00e0 la fois un moment de reconnaissance de l\u2019h\u00e9ritage construit depuis 200 ans, et une opportunit\u00e9 de se projeter r\u00e9solument vers l\u2019avenir. Il s\u2019agit de faire vivre cette m\u00e9moire tout en imaginant l\u2019\u00e9ducation de demain, dans un monde en profonde transformation.<\/p><p>Le bicentenaire sera ainsi rythm\u00e9 par un ensemble de projets ambitieux, \u00e9ducatifs, culturels et scientifiques, associant \u00e9l\u00e8ves, enseignants, anciens \u00e9l\u00e8ves et partenaires. Il ambitionne de valoriser l\u2019histoire du lyc\u00e9e, de renforcer son dynamisme p\u00e9dagogique et de consolider son rayonnement, en France comme \u00e0 l\u2019international.<\/p><p>Dans cette perspective, nous invitons entreprises, fondations et alumni et amis du lyc\u00e9e \u00e0 s\u2019associer \u00e0 cet anniversaire historique. Par votre engagement, les m\u00e9c\u00e8nes, contribuerez concr\u00e8tement \u00e0 soutenir des initiatives porteuses de sens, \u00e0 accompagner les jeunes g\u00e9n\u00e9rations et \u00e0 inscrire durablement le Lyc\u00e9e Fran\u00e7ais International de Pondich\u00e9ry dans les enjeux \u00e9ducatifs du XXI\u1d49 si\u00e8cle.<\/p><p>Soutenir le bicentenaire du LFIP, c\u2019est participer \u00e0 une aventure collective qui relie pass\u00e9, pr\u00e9sent et avenir, au service de la transmission, de l\u2019excellence et du dialogue entre les cultures.<\/p><\/div><\/div><\/div><\/div><div><div><div><div><div>\u00a0<\/div><\/div><\/div><\/div><\/div>\t\t\t\t\t\t\t\t<\/div>\n\t\t\t\t<\/div>\n\t\t<div class=\"elementor-element elementor-element-9dcab70 e-grid e-con-full animated-slow wpr-particle-no wpr-jarallax-no wpr-parallax-no wpr-sticky-section-no elementor-invisible e-con e-child\" data-id=\"9dcab70\" data-element_type=\"container\" data-settings=\"{&quot;animation&quot;:&quot;fadeIn&quot;}\">\n\t\t\t\t<div class=\"elementor-element elementor-element-667b539 elementor-widget elementor-widget-text-editor\" data-id=\"667b539\" data-element_type=\"widget\" data-widget_type=\"text-editor.default\">\n\t\t\t\t<div class=\"elementor-widget-container\">\n\t\t\t\t\t\t\t\t\t<div><div><p><strong>Brahim Oualli<\/strong><\/p><\/div><\/div><div><div><p>Proviseur du Lyc\u00e9e Fran\u00e7ais International de Pondich\u00e9ry<\/p><\/div><\/div>\t\t\t\t\t\t\t\t<\/div>\n\t\t\t\t<\/div>\n\t\t\t\t<div class=\"elementor-element elementor-element-8ce58ca elementor-widget elementor-widget-text-editor\" data-id=\"8ce58ca\" data-element_type=\"widget\" data-widget_type=\"text-editor.default\">\n\t\t\t\t<div class=\"elementor-widget-container\">\n\t\t\t\t\t\t\t\t\t<div><div><p><strong>Sathya Nilavannane<\/strong><\/p><\/div><\/div><div><div><p>Pr\u00e9sident de LFIP Alumni<\/p><\/div><\/div>\t\t\t\t\t\t\t\t<\/div>\n\t\t\t\t<\/div>\n\t\t\t\t<\/div>\n\t\t\t\t\t<\/div>\n\t\t\t\t<\/div>\n\t\t<div class=\"elementor-element elementor-element-28bfd9c e-flex e-con-boxed wpr-particle-no wpr-jarallax-no wpr-parallax-no wpr-sticky-section-no e-con e-parent\" data-id=\"28bfd9c\" data-element_type=\"container\">\n\t\t\t\t\t<div class=\"e-con-inner\">\n\t\t\t\t<div class=\"elementor-element elementor-element-1962a2f elementor-widget elementor-widget-spacer\" data-id=\"1962a2f\" data-element_type=\"widget\" data-widget_type=\"spacer.default\">\n\t\t\t\t<div class=\"elementor-widget-container\">\n\t\t\t\t\t\t\t<div class=\"elementor-spacer\">\n\t\t\t<div class=\"elementor-spacer-inner\"><\/div>\n\t\t<\/div>\n\t\t\t\t\t\t<\/div>\n\t\t\t\t<\/div>\n\t\t\t\t<div class=\"elementor-element elementor-element-c973d78 animated-slow elementor-invisible elementor-widget elementor-widget-heading\" data-id=\"c973d78\" data-element_type=\"widget\" data-settings=\"{&quot;_animation&quot;:&quot;fadeInUp&quot;}\" data-widget_type=\"heading.default\">\n\t\t\t\t<div class=\"elementor-widget-container\">\n\t\t\t\t\t<h2 class=\"elementor-heading-title elementor-size-default\">DEVENIR M\u00c9C\u00c8NE<\/h2>\t\t\t\t<\/div>\n\t\t\t\t<\/div>\n\t\t\t\t\t<\/div>\n\t\t\t\t<\/div>\n\t\t<div class=\"elementor-element elementor-element-47228cd e-flex e-con-boxed wpr-particle-no wpr-jarallax-no wpr-parallax-no wpr-sticky-section-no e-con e-parent\" data-id=\"47228cd\" data-element_type=\"container\">\n\t\t\t\t\t<div class=\"e-con-inner\">\n\t\t<div class=\"elementor-element elementor-element-7aea105 e-con-full e-flex wpr-particle-no wpr-jarallax-no wpr-parallax-no wpr-sticky-section-no e-con e-child\" data-id=\"7aea105\" data-element_type=\"container\">\n\t\t\t\t<div class=\"elementor-element elementor-element-17b54cb animated-slow elementor-invisible elementor-widget elementor-widget-text-editor\" data-id=\"17b54cb\" data-element_type=\"widget\" data-settings=\"{&quot;_animation&quot;:&quot;fadeInLeft&quot;}\" data-widget_type=\"text-editor.default\">\n\t\t\t\t<div class=\"elementor-widget-container\">\n\t\t\t\t\t\t\t\t\t<p>Pourquoi devenir m\u00e9c\u00e8ne ?<\/p>\t\t\t\t\t\t\t\t<\/div>\n\t\t\t\t<\/div>\n\t\t\t\t<div class=\"elementor-element elementor-element-7f8687e elementor-invisible elementor-widget elementor-widget-text-editor\" data-id=\"7f8687e\" data-element_type=\"widget\" data-settings=\"{&quot;_animation&quot;:&quot;fadeInLeft&quot;}\" data-widget_type=\"text-editor.default\">\n\t\t\t\t<div class=\"elementor-widget-container\">\n\t\t\t\t\t\t\t\t\t<div>\n<p>Vous \u00eates un particulier, une entreprise ou une fondation, devenez m\u00e9c\u00e8ne pour co-construire des projets qui s\u2019inscrivent dans votre d\u00e9marche philanthropique ou dans votre strat\u00e9gie de m\u00e9c\u00e9nat.<\/p>\n<\/div>\n<div>\n<p>Soutenir le bicentenaire du Lyc\u00e9e Fran\u00e7ais International de Pondich\u00e9ry, c\u2019est :<\/p>\n<\/div>\n<div>\n<ul>\n<li>contribuer \u00e0 un projet \u00e9ducatif international<\/li>\n<\/ul>\n<\/div>\n<div>\n<ul>\n<li>participer \u00e0 la pr\u00e9servation d\u2019un patrimoine historique<\/li>\n<\/ul>\n<\/div>\n<div>\n<ul>\n<li>soutenir l\u2019innovation p\u00e9dagogique<\/li>\n<\/ul>\n<\/div>\n<div>\n<ul>\n<li>associer votre image \u00e0 des valeurs fortes : \u00e9ducation \u2013 ouverture \u2013 excellence \u2013 dialogue des cultures<\/li>\n<\/ul>\n<h6><b>Objectif de collecte : 30 000 euros<\/b><\/h6>\n<\/div>\t\t\t\t\t\t\t\t<\/div>\n\t\t\t\t<\/div>\n\t\t\t\t<\/div>\n\t\t<div class=\"elementor-element elementor-element-9f8d49e e-con-full e-flex wpr-particle-no wpr-jarallax-no wpr-parallax-no wpr-sticky-section-no e-con e-child\" data-id=\"9f8d49e\" data-element_type=\"container\">\n\t\t\t\t<div class=\"elementor-element elementor-element-30051a6 animated-slow elementor-invisible elementor-widget elementor-widget-text-editor\" data-id=\"30051a6\" data-element_type=\"widget\" data-settings=\"{&quot;_animation&quot;:&quot;fadeInRight&quot;}\" data-widget_type=\"text-editor.default\">\n\t\t\t\t<div class=\"elementor-widget-container\">\n\t\t\t\t\t\t\t\t\t<p>Comment nous soutenir ?<\/p>\t\t\t\t\t\t\t\t<\/div>\n\t\t\t\t<\/div>\n\t\t\t\t<div class=\"elementor-element elementor-element-ea8db6f animated-slow elementor-invisible elementor-widget elementor-widget-text-editor\" data-id=\"ea8db6f\" data-element_type=\"widget\" data-settings=\"{&quot;_animation&quot;:&quot;fadeInRight&quot;}\" data-widget_type=\"text-editor.default\">\n\t\t\t\t<div class=\"elementor-widget-container\">\n\t\t\t\t\t\t\t\t\t<ul><li>M\u00e9c\u00e9nat financier : soutien global ou fl\u00e9ch\u00e9 vers un projet (m\u00e9moire, innovation p\u00e9dagogique, \u00e9v\u00e9nements\u2026)<\/li><li>M\u00e9c\u00e9nat en nature : don de mat\u00e9riel, mise \u00e0 disposition de ressources<br \/><br \/><\/li><\/ul><p>Effectuez vos dons : <br \/><img decoding=\"async\" class=\"emoji\" role=\"img\" draggable=\"false\" src=\"https:\/\/s.w.org\/images\/core\/emoji\/17.0.2\/svg\/1f310.svg\" alt=\"\ud83c\udf10\" \/> En ligne : https:\/\/bicentenaire.lfip-alumni.com, rubrique : m\u00e9c\u00e9nat <br \/>\ud83d\udd16 Par ch\u00e8que : libell\u00e9 \u00e0 l\u2019ordre de \u00ab LFIP Alumni \u00bb, \u00e0 retourner \u00e0 : LFIP Alumni 14F, boulevard Jacques Decour &#8211; 93150 Le Blanc-Mesnil <br \/>Ou contactez-nous : bicentenaire@lfip-alumni.com<\/p>\t\t\t\t\t\t\t\t<\/div>\n\t\t\t\t<\/div>\n\t\t\t\t<\/div>\n\t\t\t\t\t<\/div>\n\t\t\t\t<\/div>\n\t\t\t\t<\/div>\n\t\t","protected":false},"excerpt":{"rendered":"<p>SOUTENEZ LE BICENTENAIRE du Lyc\u00e9e Fran\u00e7ais International de Pondich\u00e9ry Depuis deux si\u00e8cles, le Lyc\u00e9e Fran\u00e7ais International de Pondich\u00e9ry incarne un lieu unique de rencontre entre cultures, langues et g\u00e9n\u00e9rations. H\u00e9ritier d\u2019une histoire singuli\u00e8re au carrefour de la France et de l\u2019Inde, il n\u2019a cess\u00e9 de former des \u00e9l\u00e8ves ouverts sur le monde, porteurs de savoirs, de valeurs et d\u2019engagement. En 2026, l\u2019\u00e9tablissement c\u00e9l\u00e9brera son bicentenaire. Cet anniversaire exceptionnel constitue \u00e0 la fois un moment de reconnaissance de l\u2019h\u00e9ritage construit depuis 200 ans, et une opportunit\u00e9 de se projeter r\u00e9solument vers l\u2019avenir. Il s\u2019agit de faire vivre cette m\u00e9moire tout en imaginant l\u2019\u00e9ducation de demain, dans un monde en profonde transformation. Le bicentenaire sera ainsi rythm\u00e9 par un ensemble de projets ambitieux, \u00e9ducatifs, culturels et scientifiques, associant \u00e9l\u00e8ves, enseignants, anciens \u00e9l\u00e8ves et partenaires. Il ambitionne de valoriser l\u2019histoire du lyc\u00e9e, de renforcer son dynamisme p\u00e9dagogique et de consolider son rayonnement, en France comme \u00e0 l\u2019international. Dans cette perspective, nous invitons entreprises, fondations et alumni et amis du lyc\u00e9e \u00e0 s\u2019associer \u00e0 cet anniversaire historique. Par votre engagement, les m\u00e9c\u00e8nes, contribuerez concr\u00e8tement \u00e0 soutenir des initiatives porteuses de sens, \u00e0 accompagner les jeunes g\u00e9n\u00e9rations et \u00e0 inscrire durablement le Lyc\u00e9e Fran\u00e7ais International de Pondich\u00e9ry dans les enjeux \u00e9ducatifs du XXI\u1d49 si\u00e8cle. Soutenir le bicentenaire du LFIP, c\u2019est participer \u00e0 une aventure collective qui relie pass\u00e9, pr\u00e9sent et avenir, au service de la transmission, de l\u2019excellence et du dialogue entre les cultures. \u00a0 Brahim Oualli Proviseur du Lyc\u00e9e Fran\u00e7ais International de Pondich\u00e9ry Sathya Nilavannane Pr\u00e9sident de LFIP Alumni DEVENIR M\u00c9C\u00c8NE Pourquoi devenir m\u00e9c\u00e8ne ? Vous \u00eates un particulier, une entreprise ou une fondation, devenez m\u00e9c\u00e8ne pour co-construire des projets qui s\u2019inscrivent dans votre d\u00e9marche philanthropique ou dans votre strat\u00e9gie de m\u00e9c\u00e9nat. Soutenir le bicentenaire du Lyc\u00e9e Fran\u00e7ais International de Pondich\u00e9ry, c\u2019est : contribuer \u00e0 un projet \u00e9ducatif international participer \u00e0 la pr\u00e9servation d\u2019un patrimoine historique soutenir l\u2019innovation p\u00e9dagogique associer votre image \u00e0 des valeurs fortes : \u00e9ducation \u2013 ouverture \u2013 excellence \u2013 dialogue des cultures Objectif de collecte : 30 000 euros Comment nous soutenir ? M\u00e9c\u00e9nat financier : soutien global ou fl\u00e9ch\u00e9 vers un projet (m\u00e9moire, innovation p\u00e9dagogique, \u00e9v\u00e9nements\u2026) M\u00e9c\u00e9nat en nature : don de mat\u00e9riel, mise \u00e0 disposition de ressources Effectuez vos dons : En ligne : https:\/\/bicentenaire.lfip-alumni.com, rubrique : m\u00e9c\u00e9nat \ud83d\udd16 Par ch\u00e8que : libell\u00e9 \u00e0 l\u2019ordre de \u00ab LFIP Alumni \u00bb, \u00e0 retourner \u00e0 : LFIP Alumni 14F, boulevard Jacques Decour &#8211; 93150 Le Blanc-Mesnil Ou contactez-nous : bicentenaire@lfip-alumni.com<\/p>\n","protected":false},"author":1,"featured_media":0,"parent":0,"menu_order":0,"comment_status":"closed","ping_status":"closed","template":"elementor_header_footer","meta":{"footnotes":""},"class_list":["post-2301","page","type-page","status-publish","hentry"],"_links":{"self":[{"href":"https:\/\/bicentenaire.lfip-alumni.com\/index.php\/wp-json\/wp\/v2\/pages\/2301","targetHints":{"allow":["GET"]}}],"collection":[{"href":"https:\/\/bicentenaire.lfip-alumni.com\/index.php\/wp-json\/wp\/v2\/pages"}],"about":[{"href":"https:\/\/bicentenaire.lfip-alumni.com\/index.php\/wp-json\/wp\/v2\/types\/page"}],"author":[{"embeddable":true,"href":"https:\/\/bicentenaire.lfip-alumni.com\/index.php\/wp-json\/wp\/v2\/users\/1"}],"replies":[{"embeddable":true,"href":"https:\/\/bicentenaire.lfip-alumni.com\/index.php\/wp-json\/wp\/v2\/comments?post=2301"}],"version-history":[{"count":31,"href":"https:\/\/bicentenaire.lfip-alumni.com\/index.php\/wp-json\/wp\/v2\/pages\/2301\/revisions"}],"predecessor-version":[{"id":2343,"href":"https:\/\/bicentenaire.lfip-alumni.com\/index.php\/wp-json\/wp\/v2\/pages\/2301\/revisions\/2343"}],"wp:attachment":[{"href":"https:\/\/bicentenaire.lfip-alumni.com\/index.php\/wp-json\/wp\/v2\/media?parent=2301"}],"curies":[{"name":"wp","href":"https:\/\/api.w.org\/{rel}","templated":true}]}}