{"id":2221,"date":"2026-01-21T21:58:58","date_gmt":"2026-01-21T21:58:58","guid":{"rendered":"https:\/\/bicentenaire.lfip-alumni.com\/?page_id=2221"},"modified":"2026-01-26T12:33:34","modified_gmt":"2026-01-26T12:33:34","slug":"200-visages-200-histoires-plus-dinfos","status":"publish","type":"page","link":"https:\/\/bicentenaire.lfip-alumni.com\/index.php\/200-visages-200-histoires-plus-dinfos\/","title":{"rendered":"200 Visages, 200 Histoires &#8211; Plus d&#8217;infos"},"content":{"rendered":"\t\t<div data-elementor-type=\"wp-page\" data-elementor-id=\"2221\" class=\"elementor elementor-2221\" data-elementor-post-type=\"page\">\n\t\t\t\t<div class=\"elementor-element elementor-element-5dbf19b e-flex e-con-boxed wpr-particle-no wpr-jarallax-no wpr-parallax-no wpr-sticky-section-no e-con e-parent\" data-id=\"5dbf19b\" data-element_type=\"container\">\n\t\t\t\t\t<div class=\"e-con-inner\">\n\t\t\t\t<div class=\"elementor-element elementor-element-dc7aabc animated-slow elementor-invisible elementor-widget elementor-widget-heading\" data-id=\"dc7aabc\" data-element_type=\"widget\" data-settings=\"{&quot;_animation&quot;:&quot;fadeInUp&quot;}\" data-widget_type=\"heading.default\">\n\t\t\t\t<div class=\"elementor-widget-container\">\n\t\t\t\t\t<h2 class=\"elementor-heading-title elementor-size-default\"><span style=\"font-family: Rubik, sans-serif;font-size: 2rem;text-align: center\">200 Visages, 200 Histoires<\/span><\/h2>\t\t\t\t<\/div>\n\t\t\t\t<\/div>\n\t\t\t\t<div class=\"elementor-element elementor-element-bdaa6a0 animated-slow elementor-invisible elementor-widget elementor-widget-text-editor\" data-id=\"bdaa6a0\" data-element_type=\"widget\" data-settings=\"{&quot;_animation&quot;:&quot;fadeIn&quot;}\" data-widget_type=\"text-editor.default\">\n\t\t\t\t<div class=\"elementor-widget-container\">\n\t\t\t\t\t\t\t\t\t<p>Un projet collectif pour raconter l\u2019\u00e2me du LFIP<\/p>\t\t\t\t\t\t\t\t<\/div>\n\t\t\t\t<\/div>\n\t\t\t\t<div class=\"elementor-element elementor-element-0ba0db1 animated-slow elementor-invisible elementor-widget elementor-widget-text-editor\" data-id=\"0ba0db1\" data-element_type=\"widget\" data-settings=\"{&quot;_animation&quot;:&quot;fadeIn&quot;}\" data-widget_type=\"text-editor.default\">\n\t\t\t\t<div class=\"elementor-widget-container\">\n\t\t\t\t\t\t\t\t\t<h6>Porteur de projet\u00a0: Lina Boitier<\/h6>\t\t\t\t\t\t\t\t<\/div>\n\t\t\t\t<\/div>\n\t\t\t\t\t<\/div>\n\t\t\t\t<\/div>\n\t\t<div class=\"elementor-element elementor-element-60796bd e-flex e-con-boxed wpr-particle-no wpr-jarallax-no wpr-parallax-no wpr-sticky-section-no e-con e-parent\" data-id=\"60796bd\" data-element_type=\"container\" data-settings=\"{&quot;background_background&quot;:&quot;classic&quot;}\">\n\t\t\t\t\t<div class=\"e-con-inner\">\n\t\t\t\t<div class=\"elementor-element elementor-element-89acaaf animated-slow elementor-invisible elementor-widget elementor-widget-heading\" data-id=\"89acaaf\" data-element_type=\"widget\" data-settings=\"{&quot;_animation&quot;:&quot;fadeInLeft&quot;}\" data-widget_type=\"heading.default\">\n\t\t\t\t<div class=\"elementor-widget-container\">\n\t\t\t\t\t<h2 class=\"elementor-heading-title elementor-size-default\">Une d\u00e9marche participative<\/h2>\t\t\t\t<\/div>\n\t\t\t\t<\/div>\n\t\t\t\t<div class=\"elementor-element elementor-element-705cc7f animated-slow elementor-invisible elementor-widget elementor-widget-text-editor\" data-id=\"705cc7f\" data-element_type=\"widget\" data-settings=\"{&quot;_animation&quot;:&quot;fadeInLeft&quot;}\" data-widget_type=\"text-editor.default\">\n\t\t\t\t<div class=\"elementor-widget-container\">\n\t\t\t\t\t\t\t\t\t<p>Ce projet est avant tout collectif. Chaque participant est invit\u00e9 \u00e0 contribuer en r\u00e9pondant \u00e0 quelques questions, choisies parmi plusieurs th\u00e9matiques : souvenirs, transmission, parcours, regard sur le bicentenaire, message aux g\u00e9n\u00e9rations futures.<br \/>Chacun est libre de partager ce qui fait sens pour lui, dans un format volontairement concis, afin que chaque portrait trouve sa place dans un ensemble harmonieux.<\/p>\t\t\t\t\t\t\t\t<\/div>\n\t\t\t\t<\/div>\n\t\t\t\t\t<\/div>\n\t\t\t\t<\/div>\n\t\t<div class=\"elementor-element elementor-element-26c0bf8 e-flex e-con-boxed wpr-particle-no wpr-jarallax-no wpr-parallax-no wpr-sticky-section-no e-con e-parent\" data-id=\"26c0bf8\" data-element_type=\"container\" data-settings=\"{&quot;background_background&quot;:&quot;classic&quot;}\">\n\t\t\t\t\t<div class=\"e-con-inner\">\n\t\t\t\t<div class=\"elementor-element elementor-element-8de0712 animated-slow elementor-invisible elementor-widget elementor-widget-heading\" data-id=\"8de0712\" data-element_type=\"widget\" data-settings=\"{&quot;_animation&quot;:&quot;fadeInLeft&quot;}\" data-widget_type=\"heading.default\">\n\t\t\t\t<div class=\"elementor-widget-container\">\n\t\t\t\t\t<h2 class=\"elementor-heading-title elementor-size-default\">Formats et diffusion<\/h2>\t\t\t\t<\/div>\n\t\t\t\t<\/div>\n\t\t\t\t<div class=\"elementor-element elementor-element-3af5b12 animated-slow elementor-invisible elementor-widget elementor-widget-text-editor\" data-id=\"3af5b12\" data-element_type=\"widget\" data-settings=\"{&quot;_animation&quot;:&quot;fadeInLeft&quot;}\" data-widget_type=\"text-editor.default\">\n\t\t\t\t<div class=\"elementor-widget-container\">\n\t\t\t\t\t\t\t\t\t<p>Les portraits seront valoris\u00e9s \u00e0 travers plusieurs supports :<\/p><p><strong>Une galerie num\u00e9rique<\/strong><\/p><p>L\u2019ensemble des portraits sera accessible en ligne sur le site officiel du bicentenaire, constituant une m\u00e9moire num\u00e9rique p\u00e9renne du LFIP.<\/p><p><strong>Une diffusion sur les r\u00e9seaux sociaux<\/strong><\/p><p>En amont des c\u00e9l\u00e9brations de 2026, une s\u00e9lection de portraits sera diffus\u00e9e r\u00e9guli\u00e8rement sur les r\u00e9seaux sociaux afin de faire vivre le projet, engager la communaut\u00e9 et cr\u00e9er une dynamique collective autour du bicentenaire.<\/p><p><strong>Et si le budget le permet\u2026<br \/><\/strong><br \/><em>\u2022<\/em> <strong>Une exposition physique<\/strong>, pr\u00e9sentant quelques portraits au LFIP et lors des<br \/>temps forts des c\u00e9l\u00e9brations d\u2019octobre 2026.<br \/><em>\u2022 <\/em><strong>Un livre souvenir<\/strong>, rassemblant l\u2019ensemble des portraits, destin\u00e9 aux alumni,<br \/>partenaires et soutiens du lyc\u00e9e.<\/p>\t\t\t\t\t\t\t\t<\/div>\n\t\t\t\t<\/div>\n\t\t\t\t\t<\/div>\n\t\t\t\t<\/div>\n\t\t\t\t<\/div>\n\t\t","protected":false},"excerpt":{"rendered":"<p>200 Visages, 200 Histoires Un projet collectif pour raconter l\u2019\u00e2me du LFIP Porteur de projet\u00a0: Lina Boitier Une d\u00e9marche participative Ce projet est avant tout collectif. Chaque participant est invit\u00e9 \u00e0 contribuer en r\u00e9pondant \u00e0 quelques questions, choisies parmi plusieurs th\u00e9matiques : souvenirs, transmission, parcours, regard sur le bicentenaire, message aux g\u00e9n\u00e9rations futures.Chacun est libre de partager ce qui fait sens pour lui, dans un format volontairement concis, afin que chaque portrait trouve sa place dans un ensemble harmonieux. Formats et diffusion Les portraits seront valoris\u00e9s \u00e0 travers plusieurs supports : Une galerie num\u00e9rique L\u2019ensemble des portraits sera accessible en ligne sur le site officiel du bicentenaire, constituant une m\u00e9moire num\u00e9rique p\u00e9renne du LFIP. Une diffusion sur les r\u00e9seaux sociaux En amont des c\u00e9l\u00e9brations de 2026, une s\u00e9lection de portraits sera diffus\u00e9e r\u00e9guli\u00e8rement sur les r\u00e9seaux sociaux afin de faire vivre le projet, engager la communaut\u00e9 et cr\u00e9er une dynamique collective autour du bicentenaire. Et si le budget le permet\u2026\u2022 Une exposition physique, pr\u00e9sentant quelques portraits au LFIP et lors destemps forts des c\u00e9l\u00e9brations d\u2019octobre 2026.\u2022 Un livre souvenir, rassemblant l\u2019ensemble des portraits, destin\u00e9 aux alumni,partenaires et soutiens du lyc\u00e9e.<\/p>\n","protected":false},"author":1,"featured_media":0,"parent":0,"menu_order":0,"comment_status":"closed","ping_status":"closed","template":"elementor_header_footer","meta":{"footnotes":""},"class_list":["post-2221","page","type-page","status-publish","hentry"],"_links":{"self":[{"href":"https:\/\/bicentenaire.lfip-alumni.com\/index.php\/wp-json\/wp\/v2\/pages\/2221","targetHints":{"allow":["GET"]}}],"collection":[{"href":"https:\/\/bicentenaire.lfip-alumni.com\/index.php\/wp-json\/wp\/v2\/pages"}],"about":[{"href":"https:\/\/bicentenaire.lfip-alumni.com\/index.php\/wp-json\/wp\/v2\/types\/page"}],"author":[{"embeddable":true,"href":"https:\/\/bicentenaire.lfip-alumni.com\/index.php\/wp-json\/wp\/v2\/users\/1"}],"replies":[{"embeddable":true,"href":"https:\/\/bicentenaire.lfip-alumni.com\/index.php\/wp-json\/wp\/v2\/comments?post=2221"}],"version-history":[{"count":7,"href":"https:\/\/bicentenaire.lfip-alumni.com\/index.php\/wp-json\/wp\/v2\/pages\/2221\/revisions"}],"predecessor-version":[{"id":2242,"href":"https:\/\/bicentenaire.lfip-alumni.com\/index.php\/wp-json\/wp\/v2\/pages\/2221\/revisions\/2242"}],"wp:attachment":[{"href":"https:\/\/bicentenaire.lfip-alumni.com\/index.php\/wp-json\/wp\/v2\/media?parent=2221"}],"curies":[{"name":"wp","href":"https:\/\/api.w.org\/{rel}","templated":true}]}}