{"id":2129,"date":"2026-01-20T19:45:35","date_gmt":"2026-01-20T19:45:35","guid":{"rendered":"https:\/\/bicentenaire.lfip-alumni.com\/?page_id=2129"},"modified":"2026-01-21T16:09:54","modified_gmt":"2026-01-21T16:09:54","slug":"tour-du-monde-musical","status":"publish","type":"page","link":"https:\/\/bicentenaire.lfip-alumni.com\/index.php\/tour-du-monde-musical\/","title":{"rendered":"Tour du monde musical"},"content":{"rendered":"\t\t<div data-elementor-type=\"wp-page\" data-elementor-id=\"2129\" class=\"elementor elementor-2129\" data-elementor-post-type=\"page\">\n\t\t\t\t<div class=\"elementor-element elementor-element-5dbf19b e-flex e-con-boxed wpr-particle-no wpr-jarallax-no wpr-parallax-no wpr-sticky-section-no e-con e-parent\" data-id=\"5dbf19b\" data-element_type=\"container\">\n\t\t\t\t\t<div class=\"e-con-inner\">\n\t\t\t\t<div class=\"elementor-element elementor-element-dc7aabc animated-slow elementor-invisible elementor-widget elementor-widget-heading\" data-id=\"dc7aabc\" data-element_type=\"widget\" data-settings=\"{&quot;_animation&quot;:&quot;fadeInUp&quot;}\" data-widget_type=\"heading.default\">\n\t\t\t\t<div class=\"elementor-widget-container\">\n\t\t\t\t\t<h2 class=\"elementor-heading-title elementor-size-default\"><span style=\"font-family: Rubik, sans-serif;font-size: 2rem;text-align: center\">Tour du monde musical<\/span><\/h2>\t\t\t\t<\/div>\n\t\t\t\t<\/div>\n\t\t\t\t<div class=\"elementor-element elementor-element-bdaa6a0 animated-slow elementor-invisible elementor-widget elementor-widget-text-editor\" data-id=\"bdaa6a0\" data-element_type=\"widget\" data-settings=\"{&quot;_animation&quot;:&quot;fadeIn&quot;}\" data-widget_type=\"text-editor.default\">\n\t\t\t\t<div class=\"elementor-widget-container\">\n\t\t\t\t\t\t\t\t\t<p>Voyage p\u00e9dagogique et artistique avec les \u00e9l\u00e8ves du LFIP<\/p>\t\t\t\t\t\t\t\t<\/div>\n\t\t\t\t<\/div>\n\t\t\t\t<div class=\"elementor-element elementor-element-0ba0db1 animated-slow elementor-invisible elementor-widget elementor-widget-text-editor\" data-id=\"0ba0db1\" data-element_type=\"widget\" data-settings=\"{&quot;_animation&quot;:&quot;fadeIn&quot;}\" data-widget_type=\"text-editor.default\">\n\t\t\t\t<div class=\"elementor-widget-container\">\n\t\t\t\t\t\t\t\t\t<h6>Porteurs de projet\u00a0: Helen Viramany (professeur de musique au LFIP) et Sathya Nilavannane<\/h6>\t\t\t\t\t\t\t\t<\/div>\n\t\t\t\t<\/div>\n\t\t\t\t\t<\/div>\n\t\t\t\t<\/div>\n\t\t<div class=\"elementor-element elementor-element-06a86c0 e-flex e-con-boxed wpr-particle-no wpr-jarallax-no wpr-parallax-no wpr-sticky-section-no e-con e-parent\" data-id=\"06a86c0\" data-element_type=\"container\" data-settings=\"{&quot;background_background&quot;:&quot;classic&quot;}\">\n\t\t\t\t\t<div class=\"e-con-inner\">\n\t\t<div class=\"elementor-element elementor-element-35648b4 e-con-full e-flex wpr-particle-no wpr-jarallax-no wpr-parallax-no wpr-sticky-section-no e-con e-child\" data-id=\"35648b4\" data-element_type=\"container\">\n\t\t\t\t<div class=\"elementor-element elementor-element-2e28eeb elementor-invisible elementor-widget elementor-widget-text-editor\" data-id=\"2e28eeb\" data-element_type=\"widget\" data-settings=\"{&quot;_animation&quot;:&quot;fadeInLeft&quot;}\" data-widget_type=\"text-editor.default\">\n\t\t\t\t<div class=\"elementor-widget-container\">\n\t\t\t\t\t\t\t\t\t<p>En 2026, le LFIP c\u00e9l\u00e9brera son bicentenaire, \u00e9v\u00e9nement exceptionnel qui mettra en lumi\u00e8re son histoire, son r\u00f4le dans la francophonie et son ancrage culturel unique en Inde.\u00a0 \u00c0 cette occasion, LFIP Alumni propose de porter un projet f\u00e9d\u00e9rateur, p\u00e9dagogique et artistique : un \u00ab Tour du monde musical \u00bb r\u00e9alis\u00e9 avec la participation active des \u00e9l\u00e8ves du lyc\u00e9e.<\/p><p>Les objectifs du projet sont d\u2019une part, p\u00e9dagogiques : Associer les \u00e9l\u00e8ves du LFIP \u00e0 un projet collectif et cr\u00e9atif autour de la musique, d\u00e9velopper leurs comp\u00e9tences artistiques, leur ouverture interculturelle et leur sens du travail en \u00e9quipe et valoriser la musique comme langage universel et outil p\u00e9dagogique. D\u2019autre part, le projet a des objectifs culturels et sociaux : C\u00e9l\u00e9brer la diversit\u00e9 culturelle de la communaut\u00e9 du LFIP et du r\u00e9seau AEFE, cr\u00e9er un moment fort de rencontre interg\u00e9n\u00e9rationnelle entre \u00e9l\u00e8ves, anciens, familles et partenaires, contribuer au rayonnement du bicentenaire en valorisant l\u2019ancrage du lyc\u00e9e \u00e0 Pondich\u00e9ry, ville symbole du dialogue entre cultures indienne et fran\u00e7aise.<\/p>\t\t\t\t\t\t\t\t<\/div>\n\t\t\t\t<\/div>\n\t\t\t\t<\/div>\n\t\t<div class=\"elementor-element elementor-element-679b85d e-con-full e-flex wpr-particle-no wpr-jarallax-no wpr-parallax-no wpr-sticky-section-no e-con e-child\" data-id=\"679b85d\" data-element_type=\"container\">\n\t\t\t\t<div class=\"elementor-element elementor-element-d484ba2 animated-slow elementor-invisible elementor-widget elementor-widget-image\" data-id=\"d484ba2\" data-element_type=\"widget\" data-settings=\"{&quot;_animation&quot;:&quot;fadeInRight&quot;}\" data-widget_type=\"image.default\">\n\t\t\t\t<div class=\"elementor-widget-container\">\n\t\t\t\t\t\t\t\t\t\t\t\t\t\t\t<img fetchpriority=\"high\" decoding=\"async\" width=\"768\" height=\"606\" src=\"https:\/\/bicentenaire.lfip-alumni.com\/wp-content\/uploads\/2026\/01\/200-ans-768x606.jpg\" class=\"attachment-medium_large size-medium_large wp-image-2169\" alt=\"\" srcset=\"https:\/\/bicentenaire.lfip-alumni.com\/wp-content\/uploads\/2026\/01\/200-ans-768x606.jpg 768w, https:\/\/bicentenaire.lfip-alumni.com\/wp-content\/uploads\/2026\/01\/200-ans-300x237.jpg 300w, https:\/\/bicentenaire.lfip-alumni.com\/wp-content\/uploads\/2026\/01\/200-ans-1024x808.jpg 1024w, https:\/\/bicentenaire.lfip-alumni.com\/wp-content\/uploads\/2026\/01\/200-ans-1536x1213.jpg 1536w, https:\/\/bicentenaire.lfip-alumni.com\/wp-content\/uploads\/2026\/01\/200-ans.jpg 1900w\" sizes=\"(max-width: 768px) 100vw, 768px\" \/>\t\t\t\t\t\t\t\t\t\t\t\t\t\t\t<\/div>\n\t\t\t\t<\/div>\n\t\t\t\t<\/div>\n\t\t\t\t\t<\/div>\n\t\t\t\t<\/div>\n\t\t<div class=\"elementor-element elementor-element-cc3564a animated-slow e-flex e-con-boxed wpr-particle-no wpr-jarallax-no wpr-parallax-no wpr-sticky-section-no elementor-invisible e-con e-parent\" data-id=\"cc3564a\" data-element_type=\"container\" data-settings=\"{&quot;animation&quot;:&quot;fadeIn&quot;}\">\n\t\t\t\t\t<div class=\"e-con-inner\">\n\t\t\t\t<div class=\"elementor-element elementor-element-2b66e09 elementor-widget elementor-widget-spacer\" data-id=\"2b66e09\" data-element_type=\"widget\" data-widget_type=\"spacer.default\">\n\t\t\t\t<div class=\"elementor-widget-container\">\n\t\t\t\t\t\t\t<div class=\"elementor-spacer\">\n\t\t\t<div class=\"elementor-spacer-inner\"><\/div>\n\t\t<\/div>\n\t\t\t\t\t\t<\/div>\n\t\t\t\t<\/div>\n\t\t\t\t<div class=\"elementor-element elementor-element-6e45cf2 animated-slow elementor-invisible elementor-widget elementor-widget-heading\" data-id=\"6e45cf2\" data-element_type=\"widget\" data-settings=\"{&quot;_animation&quot;:&quot;fadeIn&quot;}\" data-widget_type=\"heading.default\">\n\t\t\t\t<div class=\"elementor-widget-container\">\n\t\t\t\t\t<h2 class=\"elementor-heading-title elementor-size-default\">Le projet \u00ab Tour du monde musical \u00bb comportera deux volets :<\/h2>\t\t\t\t<\/div>\n\t\t\t\t<\/div>\n\t\t\t\t<div class=\"elementor-element elementor-element-7819562 animated-slow wpr-feature-list-left wpr-feature-list-square wpr-feature-list-line-yes elementor-invisible elementor-widget elementor-widget-wpr-feature-list\" data-id=\"7819562\" data-element_type=\"widget\" data-settings=\"{&quot;_animation&quot;:&quot;fadeIn&quot;}\" data-widget_type=\"wpr-feature-list.default\">\n\t\t\t\t<div class=\"elementor-widget-container\">\n\t\t\t\t\t<div class=\"wpr-feature-list-wrap\"><ul class=\"wpr-feature-list\"><li class=\"wpr-feature-list-item elementor-repeater-item-7e5f902\"><div class=\"wpr-feature-list-icon-wrap\"><span class=\"wpr-feature-list-line\"><\/span><div class=\"wpr-feature-list-icon-inner-wrap\"><svg aria-hidden=\"true\" class=\"e-font-icon-svg e-far-edit\" viewBox=\"0 0 576 512\" xmlns=\"http:\/\/www.w3.org\/2000\/svg\"><path d=\"M402.3 344.9l32-32c5-5 13.7-1.5 13.7 5.7V464c0 26.5-21.5 48-48 48H48c-26.5 0-48-21.5-48-48V112c0-26.5 21.5-48 48-48h273.5c7.1 0 10.7 8.6 5.7 13.7l-32 32c-1.5 1.5-3.5 2.3-5.7 2.3H48v352h352V350.5c0-2.1.8-4.1 2.3-5.6zm156.6-201.8L296.3 405.7l-90.4 10c-26.2 2.9-48.5-19.2-45.6-45.6l10-90.4L432.9 17.1c22.9-22.9 59.9-22.9 82.7 0l43.2 43.2c22.9 22.9 22.9 60 .1 82.8zM460.1 174L402 115.9 216.2 301.8l-7.3 65.3 65.3-7.3L460.1 174zm64.8-79.7l-43.2-43.2c-4.1-4.1-10.8-4.1-14.8 0L436 82l58.1 58.1 30.9-30.9c4-4.2 4-10.8-.1-14.9z\"><\/path><\/svg><\/div><\/div><div class=\"wpr-feature-list-content-wrap\"><h4 class=\"wpr-feature-list-title\"><a class=\"wpr-feature-list-url\" target=\"_blank\" rel=\"nofollow\">Pr\u00e9paration p\u00e9dagogique (ann\u00e9e scolaire 2025\u20132026)<\/a><\/h4><p class=\"wpr-feature-list-description\">\u2022 Ateliers anim\u00e9s par Helen et Sathya <br>\n\u2022 S\u00e9lection par les \u00e9l\u00e8ves de morceaux repr\u00e9sentatifs de diff\u00e9rents continents, incluant bien s\u00fbr des \u0153uvres fran\u00e7aises et indiennes <br>\n\u2022 Mise en sc\u00e8ne d\u2019un parcours musical retra\u00e7ant un voyage symbolique autour du monde.<\/p><\/div><\/li><li class=\"wpr-feature-list-item elementor-repeater-item-671364f\"><div class=\"wpr-feature-list-icon-wrap\"><span class=\"wpr-feature-list-line\"><\/span><div class=\"wpr-feature-list-icon-inner-wrap\"><svg aria-hidden=\"true\" class=\"e-font-icon-svg e-fas-microphone\" viewBox=\"0 0 352 512\" xmlns=\"http:\/\/www.w3.org\/2000\/svg\"><path d=\"M176 352c53.02 0 96-42.98 96-96V96c0-53.02-42.98-96-96-96S80 42.98 80 96v160c0 53.02 42.98 96 96 96zm160-160h-16c-8.84 0-16 7.16-16 16v48c0 74.8-64.49 134.82-140.79 127.38C96.71 376.89 48 317.11 48 250.3V208c0-8.84-7.16-16-16-16H16c-8.84 0-16 7.16-16 16v40.16c0 89.64 63.97 169.55 152 181.69V464H96c-8.84 0-16 7.16-16 16v16c0 8.84 7.16 16 16 16h160c8.84 0 16-7.16 16-16v-16c0-8.84-7.16-16-16-16h-56v-33.77C285.71 418.47 352 344.9 352 256v-48c0-8.84-7.16-16-16-16z\"><\/path><\/svg><\/div><\/div><div class=\"wpr-feature-list-content-wrap\"><h4 class=\"wpr-feature-list-title\"><a class=\"wpr-feature-list-url\" target=\"_blank\" rel=\"nofollow\">Restitution publique lors du bicentenaire (octobre 2026)<\/a><\/h4><p class=\"wpr-feature-list-description\">\u2022 Concert-spectacle pr\u00e9sent\u00e9 par les \u00e9l\u00e8ves sur sc\u00e8ne, ouvert \u00e0 l\u2019ensemble de la communaut\u00e9 scolaire, aux familles, aux alumni et aux partenaires\ninstitutionnels. <br>\n\u2022 Captation vid\u00e9o et diffusion en ligne, afin d\u2019associer la diaspora d\u2019anciens\n\u00e9l\u00e8ves du LFIP partout dans le monde. <br><\/p><\/div><\/li><\/ul><\/div>\t\t\t\t<\/div>\n\t\t\t\t<\/div>\n\t\t\t\t<div class=\"elementor-element elementor-element-8638bd3 animated-slow elementor-invisible elementor-widget elementor-widget-text-editor\" data-id=\"8638bd3\" data-element_type=\"widget\" data-settings=\"{&quot;_animation&quot;:&quot;fadeInUp&quot;}\" data-widget_type=\"text-editor.default\">\n\t\t\t\t<div class=\"elementor-widget-container\">\n\t\t\t\t\t\t\t\t\t<p>Le projet b\u00e9n\u00e9ficiera directement aux \u00e9l\u00e8ves du LFIP (primaire, coll\u00e8ge, lyc\u00e9e selon participation) qui prendront part au projet et indirectement aux familles, enseignants et personnels du LFIP, aux anciens \u00e9l\u00e8ves via LFIP Alumni et la communaut\u00e9 fran\u00e7aise et francophone de Pondich\u00e9ry et d\u2019Inde.<\/p><p>Les retomb\u00e9es attendues sont multiples\u00a0:<br \/>\u2022 Implication active des \u00e9l\u00e8ves dans un projet cr\u00e9atif et f\u00e9d\u00e9rateur.<br \/><span style=\"font-size: 1rem;\">\u2022 Valorisation du bicentenaire du LFIP par une production artistique originale.<br \/><\/span><span style=\"font-size: 1rem;\">\u2022 Renforcement du sentiment d\u2019appartenance \u00e0 la communaut\u00e9 LFIP.<br \/><\/span><span style=\"font-size: 1rem;\">\u2022 Contribution au rayonnement culturel de la France et de la francophonie en Inde.<\/span><\/p>\t\t\t\t\t\t\t\t<\/div>\n\t\t\t\t<\/div>\n\t\t\t\t\t<\/div>\n\t\t\t\t<\/div>\n\t\t\t\t<\/div>\n\t\t","protected":false},"excerpt":{"rendered":"<p>Tour du monde musical Voyage p\u00e9dagogique et artistique avec les \u00e9l\u00e8ves du LFIP Porteurs de projet\u00a0: Helen Viramany (professeur de musique au LFIP) et Sathya Nilavannane En 2026, le LFIP c\u00e9l\u00e9brera son bicentenaire, \u00e9v\u00e9nement exceptionnel qui mettra en lumi\u00e8re son histoire, son r\u00f4le dans la francophonie et son ancrage culturel unique en Inde.\u00a0 \u00c0 cette occasion, LFIP Alumni propose de porter un projet f\u00e9d\u00e9rateur, p\u00e9dagogique et artistique : un \u00ab Tour du monde musical \u00bb r\u00e9alis\u00e9 avec la participation active des \u00e9l\u00e8ves du lyc\u00e9e. Les objectifs du projet sont d\u2019une part, p\u00e9dagogiques : Associer les \u00e9l\u00e8ves du LFIP \u00e0 un projet collectif et cr\u00e9atif autour de la musique, d\u00e9velopper leurs comp\u00e9tences artistiques, leur ouverture interculturelle et leur sens du travail en \u00e9quipe et valoriser la musique comme langage universel et outil p\u00e9dagogique. D\u2019autre part, le projet a des objectifs culturels et sociaux : C\u00e9l\u00e9brer la diversit\u00e9 culturelle de la communaut\u00e9 du LFIP et du r\u00e9seau AEFE, cr\u00e9er un moment fort de rencontre interg\u00e9n\u00e9rationnelle entre \u00e9l\u00e8ves, anciens, familles et partenaires, contribuer au rayonnement du bicentenaire en valorisant l\u2019ancrage du lyc\u00e9e \u00e0 Pondich\u00e9ry, ville symbole du dialogue entre cultures indienne et fran\u00e7aise. Le projet \u00ab Tour du monde musical \u00bb comportera deux volets : Pr\u00e9paration p\u00e9dagogique (ann\u00e9e scolaire 2025\u20132026) \u2022 Ateliers anim\u00e9s par Helen et Sathya \u2022 S\u00e9lection par les \u00e9l\u00e8ves de morceaux repr\u00e9sentatifs de diff\u00e9rents continents, incluant bien s\u00fbr des \u0153uvres fran\u00e7aises et indiennes \u2022 Mise en sc\u00e8ne d\u2019un parcours musical retra\u00e7ant un voyage symbolique autour du monde. Restitution publique lors du bicentenaire (octobre 2026) \u2022 Concert-spectacle pr\u00e9sent\u00e9 par les \u00e9l\u00e8ves sur sc\u00e8ne, ouvert \u00e0 l\u2019ensemble de la communaut\u00e9 scolaire, aux familles, aux alumni et aux partenaires institutionnels. \u2022 Captation vid\u00e9o et diffusion en ligne, afin d\u2019associer la diaspora d\u2019anciens \u00e9l\u00e8ves du LFIP partout dans le monde. Le projet b\u00e9n\u00e9ficiera directement aux \u00e9l\u00e8ves du LFIP (primaire, coll\u00e8ge, lyc\u00e9e selon participation) qui prendront part au projet et indirectement aux familles, enseignants et personnels du LFIP, aux anciens \u00e9l\u00e8ves via LFIP Alumni et la communaut\u00e9 fran\u00e7aise et francophone de Pondich\u00e9ry et d\u2019Inde. Les retomb\u00e9es attendues sont multiples\u00a0:\u2022 Implication active des \u00e9l\u00e8ves dans un projet cr\u00e9atif et f\u00e9d\u00e9rateur.\u2022 Valorisation du bicentenaire du LFIP par une production artistique originale.\u2022 Renforcement du sentiment d\u2019appartenance \u00e0 la communaut\u00e9 LFIP.\u2022 Contribution au rayonnement culturel de la France et de la francophonie en Inde.<\/p>\n","protected":false},"author":1,"featured_media":0,"parent":0,"menu_order":0,"comment_status":"closed","ping_status":"closed","template":"elementor_header_footer","meta":{"footnotes":""},"class_list":["post-2129","page","type-page","status-publish","hentry"],"_links":{"self":[{"href":"https:\/\/bicentenaire.lfip-alumni.com\/index.php\/wp-json\/wp\/v2\/pages\/2129","targetHints":{"allow":["GET"]}}],"collection":[{"href":"https:\/\/bicentenaire.lfip-alumni.com\/index.php\/wp-json\/wp\/v2\/pages"}],"about":[{"href":"https:\/\/bicentenaire.lfip-alumni.com\/index.php\/wp-json\/wp\/v2\/types\/page"}],"author":[{"embeddable":true,"href":"https:\/\/bicentenaire.lfip-alumni.com\/index.php\/wp-json\/wp\/v2\/users\/1"}],"replies":[{"embeddable":true,"href":"https:\/\/bicentenaire.lfip-alumni.com\/index.php\/wp-json\/wp\/v2\/comments?post=2129"}],"version-history":[{"count":16,"href":"https:\/\/bicentenaire.lfip-alumni.com\/index.php\/wp-json\/wp\/v2\/pages\/2129\/revisions"}],"predecessor-version":[{"id":2186,"href":"https:\/\/bicentenaire.lfip-alumni.com\/index.php\/wp-json\/wp\/v2\/pages\/2129\/revisions\/2186"}],"wp:attachment":[{"href":"https:\/\/bicentenaire.lfip-alumni.com\/index.php\/wp-json\/wp\/v2\/media?parent=2129"}],"curies":[{"name":"wp","href":"https:\/\/api.w.org\/{rel}","templated":true}]}}