{"id":2067,"date":"2026-01-20T19:27:01","date_gmt":"2026-01-20T19:27:01","guid":{"rendered":"https:\/\/bicentenaire.lfip-alumni.com\/?page_id=2067"},"modified":"2026-01-28T15:09:14","modified_gmt":"2026-01-28T15:09:14","slug":"200-visages-200-histoires","status":"publish","type":"page","link":"https:\/\/bicentenaire.lfip-alumni.com\/index.php\/200-visages-200-histoires\/","title":{"rendered":"200 Visages, 200 Histoires"},"content":{"rendered":"\t\t<div data-elementor-type=\"wp-page\" data-elementor-id=\"2067\" class=\"elementor elementor-2067\" data-elementor-post-type=\"page\">\n\t\t\t\t<div class=\"elementor-element elementor-element-5dbf19b e-flex e-con-boxed wpr-particle-no wpr-jarallax-no wpr-parallax-no wpr-sticky-section-no e-con e-parent\" data-id=\"5dbf19b\" data-element_type=\"container\">\n\t\t\t\t\t<div class=\"e-con-inner\">\n\t\t\t\t<div class=\"elementor-element elementor-element-dc7aabc animated-slow elementor-invisible elementor-widget elementor-widget-heading\" data-id=\"dc7aabc\" data-element_type=\"widget\" data-settings=\"{&quot;_animation&quot;:&quot;fadeInUp&quot;}\" data-widget_type=\"heading.default\">\n\t\t\t\t<div class=\"elementor-widget-container\">\n\t\t\t\t\t<h2 class=\"elementor-heading-title elementor-size-default\"><span style=\"font-family: Rubik, sans-serif;font-size: 2rem;text-align: center\">200 Visages, 200 Histoires<\/span><\/h2>\t\t\t\t<\/div>\n\t\t\t\t<\/div>\n\t\t\t\t<div class=\"elementor-element elementor-element-bdaa6a0 animated-slow elementor-invisible elementor-widget elementor-widget-text-editor\" data-id=\"bdaa6a0\" data-element_type=\"widget\" data-settings=\"{&quot;_animation&quot;:&quot;fadeIn&quot;}\" data-widget_type=\"text-editor.default\">\n\t\t\t\t<div class=\"elementor-widget-container\">\n\t\t\t\t\t\t\t\t\t<p>Un projet collectif pour raconter l\u2019\u00e2me du LFIP<\/p>\t\t\t\t\t\t\t\t<\/div>\n\t\t\t\t<\/div>\n\t\t\t\t<div class=\"elementor-element elementor-element-0ba0db1 animated-slow elementor-invisible elementor-widget elementor-widget-text-editor\" data-id=\"0ba0db1\" data-element_type=\"widget\" data-settings=\"{&quot;_animation&quot;:&quot;fadeIn&quot;}\" data-widget_type=\"text-editor.default\">\n\t\t\t\t<div class=\"elementor-widget-container\">\n\t\t\t\t\t\t\t\t\t<h6>Porteur de projet\u00a0: Lina Boitier<\/h6>\t\t\t\t\t\t\t\t<\/div>\n\t\t\t\t<\/div>\n\t\t\t\t\t<\/div>\n\t\t\t\t<\/div>\n\t\t<div class=\"elementor-element elementor-element-7506b68 e-flex e-con-boxed wpr-particle-no wpr-jarallax-no wpr-parallax-no wpr-sticky-section-no e-con e-parent\" data-id=\"7506b68\" data-element_type=\"container\" data-settings=\"{&quot;background_background&quot;:&quot;classic&quot;}\">\n\t\t\t\t\t<div class=\"e-con-inner\">\n\t\t<div class=\"elementor-element elementor-element-0631e41 e-con-full e-flex wpr-particle-no wpr-jarallax-no wpr-parallax-no wpr-sticky-section-no e-con e-child\" data-id=\"0631e41\" data-element_type=\"container\">\n\t\t\t\t<div class=\"elementor-element elementor-element-2e28eeb animated-slow elementor-invisible elementor-widget elementor-widget-text-editor\" data-id=\"2e28eeb\" data-element_type=\"widget\" data-settings=\"{&quot;_animation&quot;:&quot;fadeInLeft&quot;}\" data-widget_type=\"text-editor.default\">\n\t\t\t\t<div class=\"elementor-widget-container\">\n\t\t\t\t\t\t\t\t\t<p>\u00c0 l\u2019occasion du bicentenaire du Lyc\u00e9e Fran\u00e7ais International de Pondich\u00e9ry en 2026, l\u2019association LFIP Alumni lance un projet embl\u00e9matique et profond\u00e9ment humain :<\/p><p><strong>\u00ab 200 Visages, 200 Histoires \u00bb<\/strong><\/p><p>Depuis deux si\u00e8cles, le LFIP est bien plus qu\u2019un \u00e9tablissement scolaire. Il est un lieu de transmission, de rencontres, de construction de soi et d\u2019ouverture au monde. \u00c0 travers les g\u00e9n\u00e9rations, il a vu passer des milliers d\u2019\u00e9l\u00e8ves, d\u2019enseignants et de personnels, chacun portant une histoire singuli\u00e8re, un regard, un souvenir, une trajectoire.<\/p><p>L\u2019ambition de ce projet est de donner un visage et une voix \u00e0 cette m\u00e9moire collective, en retra\u00e7ant 200 parcours qui, ensemble, racontent l\u2019histoire vivante du LFIP.<\/p>\t\t\t\t\t\t\t\t<\/div>\n\t\t\t\t<\/div>\n\t\t\t\t<\/div>\n\t\t<div class=\"elementor-element elementor-element-494a3be e-con-full e-flex wpr-particle-no wpr-jarallax-no wpr-parallax-no wpr-sticky-section-no e-con e-child\" data-id=\"494a3be\" data-element_type=\"container\">\n\t\t\t\t<div class=\"elementor-element elementor-element-1f0f8fe animated-slow elementor-invisible elementor-widget elementor-widget-image\" data-id=\"1f0f8fe\" data-element_type=\"widget\" data-settings=\"{&quot;_animation&quot;:&quot;fadeInRight&quot;}\" data-widget_type=\"image.default\">\n\t\t\t\t<div class=\"elementor-widget-container\">\n\t\t\t\t\t\t\t\t\t\t\t\t\t\t\t<img fetchpriority=\"high\" decoding=\"async\" width=\"768\" height=\"543\" src=\"https:\/\/bicentenaire.lfip-alumni.com\/wp-content\/uploads\/2026\/01\/WhatsApp-Image-2026-01-21-at-17.32.04-768x543.jpeg\" class=\"attachment-medium_large size-medium_large wp-image-2187\" alt=\"\" srcset=\"https:\/\/bicentenaire.lfip-alumni.com\/wp-content\/uploads\/2026\/01\/WhatsApp-Image-2026-01-21-at-17.32.04-768x543.jpeg 768w, https:\/\/bicentenaire.lfip-alumni.com\/wp-content\/uploads\/2026\/01\/WhatsApp-Image-2026-01-21-at-17.32.04-300x212.jpeg 300w, https:\/\/bicentenaire.lfip-alumni.com\/wp-content\/uploads\/2026\/01\/WhatsApp-Image-2026-01-21-at-17.32.04-1024x724.jpeg 1024w, https:\/\/bicentenaire.lfip-alumni.com\/wp-content\/uploads\/2026\/01\/WhatsApp-Image-2026-01-21-at-17.32.04-1536x1086.jpeg 1536w, https:\/\/bicentenaire.lfip-alumni.com\/wp-content\/uploads\/2026\/01\/WhatsApp-Image-2026-01-21-at-17.32.04.jpeg 1600w\" sizes=\"(max-width: 768px) 100vw, 768px\" \/>\t\t\t\t\t\t\t\t\t\t\t\t\t\t\t<\/div>\n\t\t\t\t<\/div>\n\t\t\t\t<\/div>\n\t\t\t\t\t<\/div>\n\t\t\t\t<\/div>\n\t\t<div class=\"elementor-element elementor-element-cc3564a animated-slow e-flex e-con-boxed wpr-particle-no wpr-jarallax-no wpr-parallax-no wpr-sticky-section-no elementor-invisible e-con e-parent\" data-id=\"cc3564a\" data-element_type=\"container\" data-settings=\"{&quot;animation&quot;:&quot;fadeIn&quot;}\">\n\t\t\t\t\t<div class=\"e-con-inner\">\n\t\t\t\t<div class=\"elementor-element elementor-element-2b66e09 elementor-widget elementor-widget-spacer\" data-id=\"2b66e09\" data-element_type=\"widget\" data-widget_type=\"spacer.default\">\n\t\t\t\t<div class=\"elementor-widget-container\">\n\t\t\t\t\t\t\t<div class=\"elementor-spacer\">\n\t\t\t<div class=\"elementor-spacer-inner\"><\/div>\n\t\t<\/div>\n\t\t\t\t\t\t<\/div>\n\t\t\t\t<\/div>\n\t\t\t\t<div class=\"elementor-element elementor-element-6e45cf2 animated-slow elementor-invisible elementor-widget elementor-widget-heading\" data-id=\"6e45cf2\" data-element_type=\"widget\" data-settings=\"{&quot;_animation&quot;:&quot;fadeIn&quot;}\" data-widget_type=\"heading.default\">\n\t\t\t\t<div class=\"elementor-widget-container\">\n\t\t\t\t\t<h2 class=\"elementor-heading-title elementor-size-default\">Un projet de m\u00e9moire vivante et partag\u00e9e<\/h2>\t\t\t\t<\/div>\n\t\t\t\t<\/div>\n\t\t\t\t<div class=\"elementor-element elementor-element-9a1b700 animated-slow elementor-invisible elementor-widget elementor-widget-text-editor\" data-id=\"9a1b700\" data-element_type=\"widget\" data-settings=\"{&quot;_animation&quot;:&quot;fadeIn&quot;}\" data-widget_type=\"text-editor.default\">\n\t\t\t\t<div class=\"elementor-widget-container\">\n\t\t\t\t\t\t\t\t\t<p>\u00ab 200 Visages, 200 Histoires \u00bb propose une collection de portraits courts, m\u00ealant t\u00e9moignages \u00e9crits et photographies, r\u00e9alis\u00e9s par et pour celles et ceux qui ont fait le LFIP :<br \/>\u2022 \u00e9l\u00e8ves et anciens \u00e9l\u00e8ves,<br \/>\u2022 enseignants,<br \/>\u2022 personnels administratifs et techniques,<br \/>Chaque portrait est une pi\u00e8ce d\u2019un r\u00e9cit plus large. Ensemble, ils dessinent la richesse humaine, culturelle et g\u00e9n\u00e9rationnelle du LFIP, depuis ses origines jusqu\u2019\u00e0 aujourd\u2019hui.<\/p>\t\t\t\t\t\t\t\t<\/div>\n\t\t\t\t<\/div>\n\t\t\t\t<div class=\"elementor-element elementor-element-03228a1 animated-slow elementor-invisible elementor-widget elementor-widget-heading\" data-id=\"03228a1\" data-element_type=\"widget\" data-settings=\"{&quot;_animation&quot;:&quot;fadeIn&quot;}\" data-widget_type=\"heading.default\">\n\t\t\t\t<div class=\"elementor-widget-container\">\n\t\t\t\t\t<h2 class=\"elementor-heading-title elementor-size-default\">Les objectifs du projet<\/h2>\t\t\t\t<\/div>\n\t\t\t\t<\/div>\n\t\t\t\t<div class=\"elementor-element elementor-element-139cf5d animated-slow elementor-invisible elementor-widget elementor-widget-text-editor\" data-id=\"139cf5d\" data-element_type=\"widget\" data-settings=\"{&quot;_animation&quot;:&quot;fadeIn&quot;}\" data-widget_type=\"text-editor.default\">\n\t\t\t\t<div class=\"elementor-widget-container\">\n\t\t\t\t\t\t\t\t\t<p>\u00c0 travers ces portraits, le projet vise \u00e0 :<\/p>\t\t\t\t\t\t\t\t<\/div>\n\t\t\t\t<\/div>\n\t\t\t\t<div class=\"elementor-element elementor-element-7819562 animated-slow wpr-feature-list-left wpr-feature-list-square wpr-feature-list-line-yes elementor-invisible elementor-widget elementor-widget-wpr-feature-list\" data-id=\"7819562\" data-element_type=\"widget\" data-settings=\"{&quot;_animation&quot;:&quot;fadeIn&quot;}\" data-widget_type=\"wpr-feature-list.default\">\n\t\t\t\t<div class=\"elementor-widget-container\">\n\t\t\t\t\t<div class=\"wpr-feature-list-wrap\"><ul class=\"wpr-feature-list\"><li class=\"wpr-feature-list-item elementor-repeater-item-7e5f902\"><div class=\"wpr-feature-list-icon-wrap\"><span class=\"wpr-feature-list-line\"><\/span><div class=\"wpr-feature-list-icon-inner-wrap\"><i aria-hidden=\"true\" class=\"icon icon-open-book\"><\/i><\/div><\/div><div class=\"wpr-feature-list-content-wrap\"><h4 class=\"wpr-feature-list-title\"><a class=\"wpr-feature-list-url\" target=\"_blank\" rel=\"nofollow\">Valoriser la m\u00e9moire vivante du lyc\u00e9e<\/a><\/h4><p class=\"wpr-feature-list-description\">en donnant la parole \u00e0 celles et ceux\nqui l\u2019ont fait vivre au quotidien.<\/p><\/div><\/li><li class=\"wpr-feature-list-item elementor-repeater-item-671364f\"><div class=\"wpr-feature-list-icon-wrap\"><span class=\"wpr-feature-list-line\"><\/span><div class=\"wpr-feature-list-icon-inner-wrap\"><svg aria-hidden=\"true\" class=\"e-font-icon-svg e-fas-globe-americas\" viewBox=\"0 0 496 512\" xmlns=\"http:\/\/www.w3.org\/2000\/svg\"><path d=\"M248 8C111.03 8 0 119.03 0 256s111.03 248 248 248 248-111.03 248-248S384.97 8 248 8zm82.29 357.6c-3.9 3.88-7.99 7.95-11.31 11.28-2.99 3-5.1 6.7-6.17 10.71-1.51 5.66-2.73 11.38-4.77 16.87l-17.39 46.85c-13.76 3-28 4.69-42.65 4.69v-27.38c1.69-12.62-7.64-36.26-22.63-51.25-6-6-9.37-14.14-9.37-22.63v-32.01c0-11.64-6.27-22.34-16.46-27.97-14.37-7.95-34.81-19.06-48.81-26.11-11.48-5.78-22.1-13.14-31.65-21.75l-.8-.72a114.792 114.792 0 0 1-18.06-20.74c-9.38-13.77-24.66-36.42-34.59-51.14 20.47-45.5 57.36-82.04 103.2-101.89l24.01 12.01C203.48 89.74 216 82.01 216 70.11v-11.3c7.99-1.29 16.12-2.11 24.39-2.42l28.3 28.3c6.25 6.25 6.25 16.38 0 22.63L264 112l-10.34 10.34c-3.12 3.12-3.12 8.19 0 11.31l4.69 4.69c3.12 3.12 3.12 8.19 0 11.31l-8 8a8.008 8.008 0 0 1-5.66 2.34h-8.99c-2.08 0-4.08.81-5.58 2.27l-9.92 9.65a8.008 8.008 0 0 0-1.58 9.31l15.59 31.19c2.66 5.32-1.21 11.58-7.15 11.58h-5.64c-1.93 0-3.79-.7-5.24-1.96l-9.28-8.06a16.017 16.017 0 0 0-15.55-3.1l-31.17 10.39a11.95 11.95 0 0 0-8.17 11.34c0 4.53 2.56 8.66 6.61 10.69l11.08 5.54c9.41 4.71 19.79 7.16 30.31 7.16s22.59 27.29 32 32h66.75c8.49 0 16.62 3.37 22.63 9.37l13.69 13.69a30.503 30.503 0 0 1 8.93 21.57 46.536 46.536 0 0 1-13.72 32.98zM417 274.25c-5.79-1.45-10.84-5-14.15-9.97l-17.98-26.97a23.97 23.97 0 0 1 0-26.62l19.59-29.38c2.32-3.47 5.5-6.29 9.24-8.15l12.98-6.49C440.2 193.59 448 223.87 448 256c0 8.67-.74 17.16-1.82 25.54L417 274.25z\"><\/path><\/svg><\/div><\/div><div class=\"wpr-feature-list-content-wrap\"><h4 class=\"wpr-feature-list-title\"><a class=\"wpr-feature-list-url\" target=\"_blank\" rel=\"nofollow\">Illustrer le rayonnement international du LFIP<\/a><\/h4><p class=\"wpr-feature-list-description\">\u00e0 travers des parcours\npersonnels et professionnels vari\u00e9s, en France, en Inde et dans le monde.<\/p><\/div><\/li><li class=\"wpr-feature-list-item elementor-repeater-item-3f65865\"><div class=\"wpr-feature-list-icon-wrap\"><span class=\"wpr-feature-list-line\"><\/span><div class=\"wpr-feature-list-icon-inner-wrap\"><i aria-hidden=\"true\" class=\"icon icon-light-bulb1\"><\/i><\/div><\/div><div class=\"wpr-feature-list-content-wrap\"><h4 class=\"wpr-feature-list-title\"><a class=\"wpr-feature-list-url\" target=\"_blank\" rel=\"nofollow\">Mettre en lumi\u00e8re la diversit\u00e9 des trajectoires<\/a><\/h4><p class=\"wpr-feature-list-description\">des engagements et des\nr\u00e9ussites, au-del\u00e0 des g\u00e9n\u00e9rations et des disciplines.<\/p><\/div><\/li><li class=\"wpr-feature-list-item elementor-repeater-item-89e4268\"><div class=\"wpr-feature-list-icon-wrap\"><span class=\"wpr-feature-list-line\"><\/span><div class=\"wpr-feature-list-icon-inner-wrap\"><svg aria-hidden=\"true\" class=\"e-font-icon-svg e-fas-people-carry\" viewBox=\"0 0 640 512\" xmlns=\"http:\/\/www.w3.org\/2000\/svg\"><path d=\"M128 96c26.5 0 48-21.5 48-48S154.5 0 128 0 80 21.5 80 48s21.5 48 48 48zm384 0c26.5 0 48-21.5 48-48S538.5 0 512 0s-48 21.5-48 48 21.5 48 48 48zm125.7 372.1l-44-110-41.1 46.4-2 18.2 27.7 69.2c5 12.5 17 20.1 29.7 20.1 4 0 8-.7 11.9-2.3 16.4-6.6 24.4-25.2 17.8-41.6zm-34.2-209.8L585 178.1c-4.6-20-18.6-36.8-37.5-44.9-18.5-8-39-6.7-56.1 3.3-22.7 13.4-39.7 34.5-48.1 59.4L432 229.8 416 240v-96c0-8.8-7.2-16-16-16H240c-8.8 0-16 7.2-16 16v96l-16.1-10.2-11.3-33.9c-8.3-25-25.4-46-48.1-59.4-17.2-10-37.6-11.3-56.1-3.3-18.9 8.1-32.9 24.9-37.5 44.9l-18.4 80.2c-4.6 20 .7 41.2 14.4 56.7l67.2 75.9 10.1 92.6C130 499.8 143.8 512 160 512c1.2 0 2.3-.1 3.5-.2 17.6-1.9 30.2-17.7 28.3-35.3l-10.1-92.8c-1.5-13-6.9-25.1-15.6-35l-43.3-49 17.6-70.3 6.8 20.4c4.1 12.5 11.9 23.4 24.5 32.6l51.1 32.5c4.6 2.9 12.1 4.6 17.2 5h160c5.1-.4 12.6-2.1 17.2-5l51.1-32.5c12.6-9.2 20.4-20 24.5-32.6l6.8-20.4 17.6 70.3-43.3 49c-8.7 9.9-14.1 22-15.6 35l-10.1 92.8c-1.9 17.6 10.8 33.4 28.3 35.3 1.2.1 2.3.2 3.5.2 16.1 0 30-12.1 31.8-28.5l10.1-92.6 67.2-75.9c13.6-15.5 19-36.7 14.4-56.7zM46.3 358.1l-44 110c-6.6 16.4 1.4 35 17.8 41.6 16.8 6.6 35.1-1.7 41.6-17.8l27.7-69.2-2-18.2-41.1-46.4z\"><\/path><\/svg><\/div><\/div><div class=\"wpr-feature-list-content-wrap\"><h4 class=\"wpr-feature-list-title\"><a class=\"wpr-feature-list-url\" target=\"_blank\" rel=\"nofollow\">Montrer la continuit\u00e9 et la force de l\u2019esprit LFIP<\/a><\/h4><p class=\"wpr-feature-list-description\">transmis de g\u00e9n\u00e9ration en\ng\u00e9n\u00e9ration, fait de curiosit\u00e9, d\u2019ouverture, d\u2019exigence et de solidarit\u00e9.<\/p><\/div><\/li><\/ul><\/div>\t\t\t\t<\/div>\n\t\t\t\t<\/div>\n\t\t\t\t\t<\/div>\n\t\t\t\t<\/div>\n\t\t<div class=\"elementor-element elementor-element-4c3e443 e-flex e-con-boxed wpr-particle-no wpr-jarallax-no wpr-parallax-no wpr-sticky-section-no e-con e-parent\" data-id=\"4c3e443\" data-element_type=\"container\" data-settings=\"{&quot;background_background&quot;:&quot;classic&quot;}\">\n\t\t\t\t\t<div class=\"e-con-inner\">\n\t\t\t\t<div class=\"elementor-element elementor-element-99db274 animated-slow elementor-invisible elementor-widget elementor-widget-heading\" data-id=\"99db274\" data-element_type=\"widget\" data-settings=\"{&quot;_animation&quot;:&quot;fadeInLeft&quot;}\" data-widget_type=\"heading.default\">\n\t\t\t\t<div class=\"elementor-widget-container\">\n\t\t\t\t\t<h2 class=\"elementor-heading-title elementor-size-default\">Un h\u00e9ritage pour demain<\/h2>\t\t\t\t<\/div>\n\t\t\t\t<\/div>\n\t\t\t\t<div class=\"elementor-element elementor-element-49ddc33 animated-slow elementor-invisible elementor-widget elementor-widget-text-editor\" data-id=\"49ddc33\" data-element_type=\"widget\" data-settings=\"{&quot;_animation&quot;:&quot;fadeInLeft&quot;}\" data-widget_type=\"text-editor.default\">\n\t\t\t\t<div class=\"elementor-widget-container\">\n\t\t\t\t\t\t\t\t\t<p>\u00c0 travers \u00ab 200 Visages, 200 Histoires \u00bb, LFIP Alumni souhaite laisser une trace durable du bicentenaire :<br \/>un t\u00e9moignage sensible, fid\u00e8le \u00e0 l\u2019esprit du lyc\u00e9e, tourn\u00e9 \u00e0 la fois vers la m\u00e9moire et vers l\u2019avenir.<\/p><p>Parce que l\u2019histoire du LFIP est avant tout une histoire de femmes et d\u2019hommes, ce projet est une invitation \u00e0 raconter, transmettre et c\u00e9l\u00e9brer ensemble 200 ans d\u2019engagement, de savoirs et de liens humains.<\/p>\t\t\t\t\t\t\t\t<\/div>\n\t\t\t\t<\/div>\n\t\t\t\t\t<\/div>\n\t\t\t\t<\/div>\n\t\t<div class=\"elementor-element elementor-element-f47a058 e-flex e-con-boxed wpr-particle-no wpr-jarallax-no wpr-parallax-no wpr-sticky-section-no e-con e-parent\" data-id=\"f47a058\" data-element_type=\"container\">\n\t\t\t\t\t<div class=\"e-con-inner\">\n\t\t<div class=\"elementor-element elementor-element-7ff6ac1 e-con-full e-flex wpr-particle-no wpr-jarallax-no wpr-parallax-no wpr-sticky-section-no e-con e-child\" data-id=\"7ff6ac1\" data-element_type=\"container\">\n\t\t\t\t<div class=\"elementor-element elementor-element-9efa77b elementor-widget elementor-widget-spacer\" data-id=\"9efa77b\" data-element_type=\"widget\" data-widget_type=\"spacer.default\">\n\t\t\t\t<div class=\"elementor-widget-container\">\n\t\t\t\t\t\t\t<div class=\"elementor-spacer\">\n\t\t\t<div class=\"elementor-spacer-inner\"><\/div>\n\t\t<\/div>\n\t\t\t\t\t\t<\/div>\n\t\t\t\t<\/div>\n\t\t\t\t<div class=\"elementor-element elementor-element-ce772d8 elementor-align-center elementor-widget elementor-widget-button\" data-id=\"ce772d8\" data-element_type=\"widget\" data-widget_type=\"button.default\">\n\t\t\t\t<div class=\"elementor-widget-container\">\n\t\t\t\t\t\t\t\t\t<div class=\"elementor-button-wrapper\">\n\t\t\t\t\t<a class=\"elementor-button elementor-button-link elementor-size-sm\" href=\"https:\/\/bicentenaire.lfip-alumni.com\/index.php\/200-visages-200-histoires-plus-dinfos\/\">\n\t\t\t\t\t\t<span class=\"elementor-button-content-wrapper\">\n\t\t\t\t\t\t\t\t\t<span class=\"elementor-button-text\">Plus d'infos<\/span>\n\t\t\t\t\t<\/span>\n\t\t\t\t\t<\/a>\n\t\t\t\t<\/div>\n\t\t\t\t\t\t\t\t<\/div>\n\t\t\t\t<\/div>\n\t\t\t\t<div class=\"elementor-element elementor-element-6c133bd elementor-widget elementor-widget-spacer\" data-id=\"6c133bd\" data-element_type=\"widget\" data-widget_type=\"spacer.default\">\n\t\t\t\t<div class=\"elementor-widget-container\">\n\t\t\t\t\t\t\t<div class=\"elementor-spacer\">\n\t\t\t<div class=\"elementor-spacer-inner\"><\/div>\n\t\t<\/div>\n\t\t\t\t\t\t<\/div>\n\t\t\t\t<\/div>\n\t\t\t\t<\/div>\n\t\t<div class=\"elementor-element elementor-element-12610e5 e-con-full e-flex wpr-particle-no wpr-jarallax-no wpr-parallax-no wpr-sticky-section-no e-con e-child\" data-id=\"12610e5\" data-element_type=\"container\">\n\t\t\t\t<div class=\"elementor-element elementor-element-03f6a18 elementor-widget elementor-widget-spacer\" data-id=\"03f6a18\" data-element_type=\"widget\" data-widget_type=\"spacer.default\">\n\t\t\t\t<div class=\"elementor-widget-container\">\n\t\t\t\t\t\t\t<div class=\"elementor-spacer\">\n\t\t\t<div class=\"elementor-spacer-inner\"><\/div>\n\t\t<\/div>\n\t\t\t\t\t\t<\/div>\n\t\t\t\t<\/div>\n\t\t\t\t<div class=\"elementor-element elementor-element-82a5b82 elementor-align-center elementor-widget elementor-widget-button\" data-id=\"82a5b82\" data-element_type=\"widget\" data-widget_type=\"button.default\">\n\t\t\t\t<div class=\"elementor-widget-container\">\n\t\t\t\t\t\t\t\t\t<div class=\"elementor-button-wrapper\">\n\t\t\t\t\t<a class=\"elementor-button elementor-button-link elementor-size-sm\" href=\"https:\/\/bicentenaire.lfip-alumni.com\/index.php\/formulaire-200-portraits\/\" target=\"_blank\">\n\t\t\t\t\t\t<span class=\"elementor-button-content-wrapper\">\n\t\t\t\t\t\t\t\t\t<span class=\"elementor-button-text\">Participer<\/span>\n\t\t\t\t\t<\/span>\n\t\t\t\t\t<\/a>\n\t\t\t\t<\/div>\n\t\t\t\t\t\t\t\t<\/div>\n\t\t\t\t<\/div>\n\t\t\t\t<div class=\"elementor-element elementor-element-9619278 elementor-widget elementor-widget-spacer\" data-id=\"9619278\" data-element_type=\"widget\" data-widget_type=\"spacer.default\">\n\t\t\t\t<div class=\"elementor-widget-container\">\n\t\t\t\t\t\t\t<div class=\"elementor-spacer\">\n\t\t\t<div class=\"elementor-spacer-inner\"><\/div>\n\t\t<\/div>\n\t\t\t\t\t\t<\/div>\n\t\t\t\t<\/div>\n\t\t\t\t<\/div>\n\t\t\t\t\t<\/div>\n\t\t\t\t<\/div>\n\t\t\t\t<\/div>\n\t\t","protected":false},"excerpt":{"rendered":"<p>200 Visages, 200 Histoires Un projet collectif pour raconter l\u2019\u00e2me du LFIP Porteur de projet\u00a0: Lina Boitier \u00c0 l\u2019occasion du bicentenaire du Lyc\u00e9e Fran\u00e7ais International de Pondich\u00e9ry en 2026, l\u2019association LFIP Alumni lance un projet embl\u00e9matique et profond\u00e9ment humain : \u00ab 200 Visages, 200 Histoires \u00bb Depuis deux si\u00e8cles, le LFIP est bien plus qu\u2019un \u00e9tablissement scolaire. Il est un lieu de transmission, de rencontres, de construction de soi et d\u2019ouverture au monde. \u00c0 travers les g\u00e9n\u00e9rations, il a vu passer des milliers d\u2019\u00e9l\u00e8ves, d\u2019enseignants et de personnels, chacun portant une histoire singuli\u00e8re, un regard, un souvenir, une trajectoire. L\u2019ambition de ce projet est de donner un visage et une voix \u00e0 cette m\u00e9moire collective, en retra\u00e7ant 200 parcours qui, ensemble, racontent l\u2019histoire vivante du LFIP. Un projet de m\u00e9moire vivante et partag\u00e9e \u00ab 200 Visages, 200 Histoires \u00bb propose une collection de portraits courts, m\u00ealant t\u00e9moignages \u00e9crits et photographies, r\u00e9alis\u00e9s par et pour celles et ceux qui ont fait le LFIP :\u2022 \u00e9l\u00e8ves et anciens \u00e9l\u00e8ves,\u2022 enseignants,\u2022 personnels administratifs et techniques,Chaque portrait est une pi\u00e8ce d\u2019un r\u00e9cit plus large. Ensemble, ils dessinent la richesse humaine, culturelle et g\u00e9n\u00e9rationnelle du LFIP, depuis ses origines jusqu\u2019\u00e0 aujourd\u2019hui. Les objectifs du projet \u00c0 travers ces portraits, le projet vise \u00e0 : Valoriser la m\u00e9moire vivante du lyc\u00e9e en donnant la parole \u00e0 celles et ceux qui l\u2019ont fait vivre au quotidien. Illustrer le rayonnement international du LFIP \u00e0 travers des parcours personnels et professionnels vari\u00e9s, en France, en Inde et dans le monde. Mettre en lumi\u00e8re la diversit\u00e9 des trajectoires des engagements et des r\u00e9ussites, au-del\u00e0 des g\u00e9n\u00e9rations et des disciplines. Montrer la continuit\u00e9 et la force de l\u2019esprit LFIP transmis de g\u00e9n\u00e9ration en g\u00e9n\u00e9ration, fait de curiosit\u00e9, d\u2019ouverture, d\u2019exigence et de solidarit\u00e9. Un h\u00e9ritage pour demain \u00c0 travers \u00ab 200 Visages, 200 Histoires \u00bb, LFIP Alumni souhaite laisser une trace durable du bicentenaire :un t\u00e9moignage sensible, fid\u00e8le \u00e0 l\u2019esprit du lyc\u00e9e, tourn\u00e9 \u00e0 la fois vers la m\u00e9moire et vers l\u2019avenir. Parce que l\u2019histoire du LFIP est avant tout une histoire de femmes et d\u2019hommes, ce projet est une invitation \u00e0 raconter, transmettre et c\u00e9l\u00e9brer ensemble 200 ans d\u2019engagement, de savoirs et de liens humains. Plus d&#8217;infos Participer<\/p>\n","protected":false},"author":1,"featured_media":0,"parent":0,"menu_order":0,"comment_status":"closed","ping_status":"closed","template":"elementor_header_footer","meta":{"footnotes":""},"class_list":["post-2067","page","type-page","status-publish","hentry"],"_links":{"self":[{"href":"https:\/\/bicentenaire.lfip-alumni.com\/index.php\/wp-json\/wp\/v2\/pages\/2067","targetHints":{"allow":["GET"]}}],"collection":[{"href":"https:\/\/bicentenaire.lfip-alumni.com\/index.php\/wp-json\/wp\/v2\/pages"}],"about":[{"href":"https:\/\/bicentenaire.lfip-alumni.com\/index.php\/wp-json\/wp\/v2\/types\/page"}],"author":[{"embeddable":true,"href":"https:\/\/bicentenaire.lfip-alumni.com\/index.php\/wp-json\/wp\/v2\/users\/1"}],"replies":[{"embeddable":true,"href":"https:\/\/bicentenaire.lfip-alumni.com\/index.php\/wp-json\/wp\/v2\/comments?post=2067"}],"version-history":[{"count":97,"href":"https:\/\/bicentenaire.lfip-alumni.com\/index.php\/wp-json\/wp\/v2\/pages\/2067\/revisions"}],"predecessor-version":[{"id":2266,"href":"https:\/\/bicentenaire.lfip-alumni.com\/index.php\/wp-json\/wp\/v2\/pages\/2067\/revisions\/2266"}],"wp:attachment":[{"href":"https:\/\/bicentenaire.lfip-alumni.com\/index.php\/wp-json\/wp\/v2\/media?parent=2067"}],"curies":[{"name":"wp","href":"https:\/\/api.w.org\/{rel}","templated":true}]}}