{"id":1907,"date":"2025-09-04T23:32:34","date_gmt":"2025-09-04T22:32:34","guid":{"rendered":"https:\/\/bicentenaire.lfip-alumni.com\/?page_id=1907"},"modified":"2025-09-05T08:07:01","modified_gmt":"2025-09-05T07:07:01","slug":"elementor-page-1907","status":"publish","type":"page","link":"https:\/\/bicentenaire.lfip-alumni.com\/index.php\/elementor-page-1907\/","title":{"rendered":"Le voyage"},"content":{"rendered":"\t\t<div data-elementor-type=\"wp-page\" data-elementor-id=\"1907\" class=\"elementor elementor-1907\" data-elementor-post-type=\"page\">\n\t\t\t\t<div class=\"elementor-element elementor-element-ad79735 e-flex e-con-boxed wpr-particle-no wpr-jarallax-no wpr-parallax-no wpr-sticky-section-no e-con e-parent\" data-id=\"ad79735\" data-element_type=\"container\">\n\t\t\t\t\t<div class=\"e-con-inner\">\n\t\t\t\t<div class=\"elementor-element elementor-element-88f1876 elementor-invisible elementor-widget elementor-widget-heading\" data-id=\"88f1876\" data-element_type=\"widget\" data-settings=\"{&quot;_animation&quot;:&quot;fadeInUp&quot;}\" data-widget_type=\"heading.default\">\n\t\t\t\t<div class=\"elementor-widget-container\">\n\t\t\t\t\t<h2 class=\"elementor-heading-title elementor-size-default\">Le voyage<\/h2>\t\t\t\t<\/div>\n\t\t\t\t<\/div>\n\t\t\t\t<div class=\"elementor-element elementor-element-a45fa0f animated-slow elementor-invisible elementor-widget elementor-widget-text-editor\" data-id=\"a45fa0f\" data-element_type=\"widget\" data-settings=\"{&quot;_animation&quot;:&quot;fadeIn&quot;}\" data-widget_type=\"text-editor.default\">\n\t\t\t\t<div class=\"elementor-widget-container\">\n\t\t\t\t\t\t\t\t\t<p>Voyage \u00e0 Pondich\u00e9ry \u2013 Grand rassemblement des alumni<br \/><strong>15 au 18 octobre 2026<\/strong><\/p>\t\t\t\t\t\t\t\t<\/div>\n\t\t\t\t<\/div>\n\t\t\t\t\t<\/div>\n\t\t\t\t<\/div>\n\t\t<div class=\"elementor-element elementor-element-1334782 animated-slow e-flex e-con-boxed wpr-particle-no wpr-jarallax-no wpr-parallax-no wpr-sticky-section-no elementor-invisible e-con e-parent\" data-id=\"1334782\" data-element_type=\"container\" data-settings=\"{&quot;animation&quot;:&quot;fadeInUp&quot;}\">\n\t\t\t\t\t<div class=\"e-con-inner\">\n\t\t<div class=\"elementor-element elementor-element-9b4529b e-con-full e-flex wpr-particle-no wpr-jarallax-no wpr-parallax-no wpr-sticky-section-no e-con e-child\" data-id=\"9b4529b\" data-element_type=\"container\">\n\t\t\t\t<div class=\"elementor-element elementor-element-165c7ae animated-slow elementor-invisible elementor-widget elementor-widget-text-editor\" data-id=\"165c7ae\" data-element_type=\"widget\" data-settings=\"{&quot;_animation&quot;:&quot;fadeIn&quot;}\" data-widget_type=\"text-editor.default\">\n\t\t\t\t<div class=\"elementor-widget-container\">\n\t\t\t\t\t\t\t\t\t<p>\u00c0 l\u2019occasion du bicentenaire du Lyc\u00e9e Fran\u00e7ais International de Pondich\u00e9ry, LFIP Alumni organise le voyage du grand rassemblement des alumni \u00e0 Pondich\u00e9ry du 15 au 18 octobre 2026. Cet \u00e9v\u00e9nement sera l\u2019occasion unique de nous retrouver, de renouer avec les souvenirs du lyc\u00e9e et de partager ensemble un moment exceptionnel de festivit\u00e9 et de convivialit\u00e9 !<\/p><p>Afin de pr\u00e9parer au mieux ce rendez-vous, nous lan\u00e7ons un appel \u00e0 manifestation d\u2019int\u00e9r\u00eat aupr\u00e8s de tous les alumni. Plus nous serons nombreux \u00e0 participer, plus nous pourrons n\u00e9gocier des tarifs de groupe avantageux pour le voyage et l\u2019h\u00e9bergement.<\/p><p>Si vous \u00eates int\u00e9ress\u00e9(e), faites-le-nous savoir d\u00e8s maintenant en remplissant le formulaire de voyage ci-dessous (sans engagement d\u00e9finitif). Cela nous permettra d\u2019organiser au mieux la logistique et de vous proposer les meilleures conditions possibles.<\/p><p>\u00a0<\/p><p><strong>Rejoignez-nous pour c\u00e9l\u00e9brer ensemble 200 ans d\u2019histoire, de souvenirs et d\u2019amiti\u00e9s au LFIP !<\/strong><\/p>\t\t\t\t\t\t\t\t<\/div>\n\t\t\t\t<\/div>\n\t\t\t\t<\/div>\n\t\t<div class=\"elementor-element elementor-element-4448258 e-con-full e-flex wpr-particle-no wpr-jarallax-no wpr-parallax-no wpr-sticky-section-no e-con e-child\" data-id=\"4448258\" data-element_type=\"container\">\n\t\t\t\t<div class=\"elementor-element elementor-element-58d3616 elementor-widget elementor-widget-image\" data-id=\"58d3616\" data-element_type=\"widget\" data-widget_type=\"image.default\">\n\t\t\t\t<div class=\"elementor-widget-container\">\n\t\t\t\t\t\t\t\t\t\t\t\t\t\t\t<img fetchpriority=\"high\" decoding=\"async\" width=\"200\" height=\"400\" src=\"https:\/\/bicentenaire.lfip-alumni.com\/wp-content\/uploads\/2025\/09\/t-200x400.png\" class=\"attachment-_nx_notification_thumb_400_400 size-_nx_notification_thumb_400_400 wp-image-1933\" alt=\"\" \/>\t\t\t\t\t\t\t\t\t\t\t\t\t\t\t<\/div>\n\t\t\t\t<\/div>\n\t\t\t\t<\/div>\n\t\t\t\t\t<\/div>\n\t\t\t\t<\/div>\n\t\t<div class=\"elementor-element elementor-element-d5cb8ce e-flex e-con-boxed wpr-particle-no wpr-jarallax-no wpr-parallax-no wpr-sticky-section-no e-con e-parent\" data-id=\"d5cb8ce\" data-element_type=\"container\">\n\t\t\t\t\t<div class=\"e-con-inner\">\n\t\t\t\t<div class=\"elementor-element elementor-element-75dc0ae eael-wpforms-labels-yes eael-wpforms-form-button-custom elementor-widget elementor-widget-eael-wpforms\" data-id=\"75dc0ae\" data-element_type=\"widget\" data-widget_type=\"eael-wpforms.default\">\n\t\t\t\t<div class=\"elementor-widget-container\">\n\t\t\t\t\t            <div class=\"eael-contact-form eael-wpforms eael-wpforms-align-default\">\n                                <div class=\"wpforms-container wpforms-container-full wpforms-render-modern\" id=\"wpforms-1978\"><form id=\"wpforms-form-1978\" class=\"wpforms-validate wpforms-form wpforms-ajax-form\" data-formid=\"1978\" method=\"post\" enctype=\"multipart\/form-data\" action=\"\/index.php\/wp-json\/wp\/v2\/pages\/1907\" data-token=\"0db45dda2386cc09bcbb99127ffd3fc2\" data-token-time=\"1778763588\"><div class=\"wpforms-head-container\"><div class=\"wpforms-title\">Formulaire Voyage<\/div><\/div><noscript class=\"wpforms-error-noscript\">Please enable JavaScript in your browser to complete this form.<\/noscript><div class=\"wpforms-hidden\" id=\"wpforms-error-noscript\">Please enable JavaScript in your browser to complete this form.<\/div><div class=\"wpforms-field-container\"><div id=\"wpforms-1978-field_1-container\" class=\"wpforms-field wpforms-field-name\" data-field-id=\"1\"><label class=\"wpforms-field-label\" for=\"wpforms-1978-field_1\">Nom <span class=\"wpforms-required-label\" aria-hidden=\"true\">*<\/span><\/label><input type=\"text\" id=\"wpforms-1978-field_1\" class=\"wpforms-field-medium wpforms-field-required\" name=\"wpforms[fields][1]\" aria-errormessage=\"wpforms-1978-field_1-error\" required><\/div><div id=\"wpforms-1978-field_4-container\" class=\"wpforms-field wpforms-field-name\" data-field-id=\"4\"><label class=\"wpforms-field-label\" for=\"wpforms-1978-field_4\">Pr\u00e9nom <span class=\"wpforms-required-label\" aria-hidden=\"true\">*<\/span><\/label><input type=\"text\" id=\"wpforms-1978-field_4\" class=\"wpforms-field-medium wpforms-field-required\" name=\"wpforms[fields][4]\" aria-errormessage=\"wpforms-1978-field_4-error\" required><\/div><div id=\"wpforms-1978-field_2-container\" class=\"wpforms-field wpforms-field-email\" data-field-id=\"2\"><label class=\"wpforms-field-label\" for=\"wpforms-1978-field_2\">Email <span class=\"wpforms-required-label\" aria-hidden=\"true\">*<\/span><\/label><input type=\"email\" id=\"wpforms-1978-field_2\" class=\"wpforms-field-medium wpforms-field-required\" name=\"wpforms[fields][2]\" spellcheck=\"false\" aria-errormessage=\"wpforms-1978-field_2-error\" required><\/div><div id=\"wpforms-1978-field_5-container\" class=\"wpforms-field wpforms-field-checkbox\" data-field-id=\"5\"><fieldset><legend class=\"wpforms-field-label\">Comptez-vous venir ?<\/legend><ul id=\"wpforms-1978-field_5\"><li class=\"choice-1 depth-1\"><input type=\"checkbox\" id=\"wpforms-1978-field_5_1\" name=\"wpforms[fields][5][]\" value=\"Oui, je viendrai\" aria-errormessage=\"wpforms-1978-field_5_1-error\"  ><label class=\"wpforms-field-label-inline\" for=\"wpforms-1978-field_5_1\">Oui, je viendrai<\/label><\/li><li class=\"choice-2 depth-1\"><input type=\"checkbox\" id=\"wpforms-1978-field_5_2\" name=\"wpforms[fields][5][]\" value=\"Je viendrai peut-\u00eatre\" aria-errormessage=\"wpforms-1978-field_5_2-error\"  ><label class=\"wpforms-field-label-inline\" for=\"wpforms-1978-field_5_2\">Je viendrai peut-\u00eatre<\/label><\/li><\/ul><\/fieldset><\/div><div id=\"wpforms-1978-field_6-container\" class=\"wpforms-field wpforms-field-number-slider\" data-field-id=\"6\"><label class=\"wpforms-field-label\" for=\"wpforms-1978-field_6\">Nombres de personnes<\/label>\n<input\n\ttype=\"range\"\n\tid=\"wpforms-1978-field_6\" class=\"wpforms-field-medium\" name=\"wpforms[fields][6]\" value=\"1\" aria-errormessage=\"wpforms-1978-field_6-error\"\t\tmin=\"0\"\n\tmax=\"10\"\n\tstep=\"1\">\n\n<div class=\"wpforms-field-number-slider-hint\"\n\tdata-hint=\"Selected Value: {value}\">\n\tSelected Value: <b>1<\/b><\/div>\n<\/div><div id=\"wpforms-1978-field_3-container\" class=\"wpforms-field wpforms-field-textarea\" data-field-id=\"3\"><label class=\"wpforms-field-label\" for=\"wpforms-1978-field_3\">Message<\/label><textarea id=\"wpforms-1978-field_3\" class=\"wpforms-field-medium\" name=\"wpforms[fields][3]\" aria-errormessage=\"wpforms-1978-field_3-error\" ><\/textarea><\/div><\/div><!-- .wpforms-field-container --><div class=\"wpforms-submit-container\" ><input type=\"hidden\" name=\"wpforms[id]\" value=\"1978\"><input type=\"hidden\" name=\"page_title\" value=\"\"><input type=\"hidden\" name=\"page_url\" value=\"https:\/\/bicentenaire.lfip-alumni.com\/index.php\/wp-json\/wp\/v2\/pages\/1907\"><input type=\"hidden\" name=\"url_referer\" value=\"\"><button type=\"submit\" name=\"wpforms[submit]\" id=\"wpforms-submit-1978\" class=\"wpforms-submit\" data-alt-text=\"Envoi en cours...\" data-submit-text=\"Envoyer\" aria-live=\"assertive\" value=\"wpforms-submit\">Envoyer<\/button><img decoding=\"async\" src=\"https:\/\/bicentenaire.lfip-alumni.com\/wp-content\/plugins\/wpforms\/assets\/images\/submit-spin.svg\" class=\"wpforms-submit-spinner\" style=\"display: none;\" width=\"26\" height=\"26\" alt=\"Loading\"><\/div><\/form><\/div>  <!-- .wpforms-container -->            <\/div>\n\t\t\t\t<\/div>\n\t\t\t\t<\/div>\n\t\t\t\t\t<\/div>\n\t\t\t\t<\/div>\n\t\t\t\t<\/div>\n\t\t","protected":false},"excerpt":{"rendered":"<p>Le voyage Voyage \u00e0 Pondich\u00e9ry \u2013 Grand rassemblement des alumni15 au 18 octobre 2026 \u00c0 l\u2019occasion du bicentenaire du Lyc\u00e9e Fran\u00e7ais International de Pondich\u00e9ry, LFIP Alumni organise le voyage du grand rassemblement des alumni \u00e0 Pondich\u00e9ry du 15 au 18 octobre 2026. Cet \u00e9v\u00e9nement sera l\u2019occasion unique de nous retrouver, de renouer avec les souvenirs du lyc\u00e9e et de partager ensemble un moment exceptionnel de festivit\u00e9 et de convivialit\u00e9 ! Afin de pr\u00e9parer au mieux ce rendez-vous, nous lan\u00e7ons un appel \u00e0 manifestation d\u2019int\u00e9r\u00eat aupr\u00e8s de tous les alumni. Plus nous serons nombreux \u00e0 participer, plus nous pourrons n\u00e9gocier des tarifs de groupe avantageux pour le voyage et l\u2019h\u00e9bergement. Si vous \u00eates int\u00e9ress\u00e9(e), faites-le-nous savoir d\u00e8s maintenant en remplissant le formulaire de voyage ci-dessous (sans engagement d\u00e9finitif). Cela nous permettra d\u2019organiser au mieux la logistique et de vous proposer les meilleures conditions possibles. \u00a0 Rejoignez-nous pour c\u00e9l\u00e9brer ensemble 200 ans d\u2019histoire, de souvenirs et d\u2019amiti\u00e9s au LFIP ! Formulaire VoyagePlease enable JavaScript in your browser to complete this form.Please enable JavaScript in your browser to complete this form.Nom *Pr\u00e9nom *Email * Comptez-vous venir ? Oui, je viendrai Je viendrai peut-\u00eatre Nombres de personnes Selected Value: 1 Message Envoyer<\/p>\n","protected":false},"author":1,"featured_media":0,"parent":0,"menu_order":0,"comment_status":"closed","ping_status":"closed","template":"","meta":{"footnotes":""},"class_list":["post-1907","page","type-page","status-publish","hentry"],"_links":{"self":[{"href":"https:\/\/bicentenaire.lfip-alumni.com\/index.php\/wp-json\/wp\/v2\/pages\/1907","targetHints":{"allow":["GET"]}}],"collection":[{"href":"https:\/\/bicentenaire.lfip-alumni.com\/index.php\/wp-json\/wp\/v2\/pages"}],"about":[{"href":"https:\/\/bicentenaire.lfip-alumni.com\/index.php\/wp-json\/wp\/v2\/types\/page"}],"author":[{"embeddable":true,"href":"https:\/\/bicentenaire.lfip-alumni.com\/index.php\/wp-json\/wp\/v2\/users\/1"}],"replies":[{"embeddable":true,"href":"https:\/\/bicentenaire.lfip-alumni.com\/index.php\/wp-json\/wp\/v2\/comments?post=1907"}],"version-history":[{"count":21,"href":"https:\/\/bicentenaire.lfip-alumni.com\/index.php\/wp-json\/wp\/v2\/pages\/1907\/revisions"}],"predecessor-version":[{"id":2434,"href":"https:\/\/bicentenaire.lfip-alumni.com\/index.php\/wp-json\/wp\/v2\/pages\/1907\/revisions\/2434"}],"wp:attachment":[{"href":"https:\/\/bicentenaire.lfip-alumni.com\/index.php\/wp-json\/wp\/v2\/media?parent=1907"}],"curies":[{"name":"wp","href":"https:\/\/api.w.org\/{rel}","templated":true}]}}