{"id":1613,"date":"2025-09-02T15:46:17","date_gmt":"2025-09-02T14:46:17","guid":{"rendered":"https:\/\/bicentenaire.lfip-alumni.com\/?page_id=1613"},"modified":"2025-09-04T22:58:45","modified_gmt":"2025-09-04T21:58:45","slug":"elementor-page-1613","status":"publish","type":"page","link":"https:\/\/bicentenaire.lfip-alumni.com\/index.php\/elementor-page-1613\/","title":{"rendered":"Nos gaffes LFIP"},"content":{"rendered":"\t\t<div data-elementor-type=\"wp-page\" data-elementor-id=\"1613\" class=\"elementor elementor-1613\" data-elementor-post-type=\"page\">\n\t\t\t\t<div class=\"elementor-element elementor-element-6b5ba13 e-flex e-con-boxed wpr-particle-no wpr-jarallax-no wpr-parallax-no wpr-sticky-section-no e-con e-parent\" data-id=\"6b5ba13\" data-element_type=\"container\">\n\t\t\t\t\t<div class=\"e-con-inner\">\n\t\t\t\t<div class=\"elementor-element elementor-element-1f0ad6d elementor-invisible elementor-widget elementor-widget-heading\" data-id=\"1f0ad6d\" data-element_type=\"widget\" data-settings=\"{&quot;_animation&quot;:&quot;fadeInUp&quot;}\" data-widget_type=\"heading.default\">\n\t\t\t\t<div class=\"elementor-widget-container\">\n\t\t\t\t\t<h2 class=\"elementor-heading-title elementor-size-default\">Nos gaffes LFIP en 200 bulles<\/h2>\t\t\t\t<\/div>\n\t\t\t\t<\/div>\n\t\t\t\t<div class=\"elementor-element elementor-element-2528f67 elementor-widget elementor-widget-spacer\" data-id=\"2528f67\" data-element_type=\"widget\" data-widget_type=\"spacer.default\">\n\t\t\t\t<div class=\"elementor-widget-container\">\n\t\t\t\t\t\t\t<div class=\"elementor-spacer\">\n\t\t\t<div class=\"elementor-spacer-inner\"><\/div>\n\t\t<\/div>\n\t\t\t\t\t\t<\/div>\n\t\t\t\t<\/div>\n\t\t\t\t<div class=\"elementor-element elementor-element-3c8011c animated-slow elementor-invisible elementor-widget elementor-widget-text-editor\" data-id=\"3c8011c\" data-element_type=\"widget\" data-settings=\"{&quot;_animation&quot;:&quot;fadeInUp&quot;}\" data-widget_type=\"text-editor.default\">\n\t\t\t\t<div class=\"elementor-widget-container\">\n\t\t\t\t\t\t\t\t\t<h6>Porteur de projet : Yves Dassou<\/h6>\t\t\t\t\t\t\t\t<\/div>\n\t\t\t\t<\/div>\n\t\t\t\t\t<\/div>\n\t\t\t\t<\/div>\n\t\t<div class=\"elementor-element elementor-element-24e020c animated-slow e-flex e-con-boxed wpr-particle-no wpr-jarallax-no wpr-parallax-no wpr-sticky-section-no elementor-invisible e-con e-parent\" data-id=\"24e020c\" data-element_type=\"container\" data-settings=\"{&quot;background_background&quot;:&quot;classic&quot;,&quot;animation&quot;:&quot;fadeInLeft&quot;}\">\n\t\t\t\t\t<div class=\"e-con-inner\">\n\t\t<div class=\"elementor-element elementor-element-a85aba1 e-con-full e-flex wpr-particle-no wpr-jarallax-no wpr-parallax-no wpr-sticky-section-no e-con e-child\" data-id=\"a85aba1\" data-element_type=\"container\">\n\t\t\t\t<div class=\"elementor-element elementor-element-0f29a74 elementor-invisible elementor-widget elementor-widget-text-editor\" data-id=\"0f29a74\" data-element_type=\"widget\" data-settings=\"{&quot;_animation&quot;:&quot;fadeIn&quot;}\" data-widget_type=\"text-editor.default\">\n\t\t\t\t<div class=\"elementor-widget-container\">\n\t\t\t\t\t\t\t\t\t<p>\u00c0 l\u2019occasion du bicentenaire du Lyc\u00e9e fran\u00e7ais international de Pondich\u00e9ry en 2026, LFIP Alumni lance un projet original : rassembler les souvenirs, anecdotes et petites histoires des anciens \u00e9l\u00e8ves pour les transformer en bandes dessin\u00e9es.<\/p><p>Chaque contribution d\u2019alumni (une gaffe, une anecdote, un souvenir) sera sc\u00e9naris\u00e9e en une planche de BD compos\u00e9e de 8 cases, mettant en sc\u00e8ne le lyc\u00e9e et les lieux embl\u00e9matiques de Pondich\u00e9ry. Une artiste se chargera du dessin, et les \u00e9l\u00e8ves actuels pourront aussi y contribuer, en lien avec la direction du lyc\u00e9e.<\/p><p>L\u2019objectif est de mettre en valeur la m\u00e9moire collective du LFIP \u00e0 travers le neuvi\u00e8me art, en cr\u00e9ant un recueil dr\u00f4le, vivant et accessible.<\/p><p>Une version digitale des pages sera diffus\u00e9e par LFIP Alumni, et un financement collaboratif permettra d\u2019aller au-del\u00e0 des 20 premi\u00e8res planches d\u00e9j\u00e0 financ\u00e9es.<\/p>\t\t\t\t\t\t\t\t<\/div>\n\t\t\t\t<\/div>\n\t\t\t\t<\/div>\n\t\t<div class=\"elementor-element elementor-element-57b5e17 e-con-full e-flex wpr-particle-no wpr-jarallax-no wpr-parallax-no wpr-sticky-section-no e-con e-child\" data-id=\"57b5e17\" data-element_type=\"container\">\n\t\t\t\t<div class=\"elementor-element elementor-element-6a7cd39 elementor-widget elementor-widget-spacer\" data-id=\"6a7cd39\" data-element_type=\"widget\" data-widget_type=\"spacer.default\">\n\t\t\t\t<div class=\"elementor-widget-container\">\n\t\t\t\t\t\t\t<div class=\"elementor-spacer\">\n\t\t\t<div class=\"elementor-spacer-inner\"><\/div>\n\t\t<\/div>\n\t\t\t\t\t\t<\/div>\n\t\t\t\t<\/div>\n\t\t\t\t<div class=\"elementor-element elementor-element-2c3f054 elementor-widget elementor-widget-image\" data-id=\"2c3f054\" data-element_type=\"widget\" data-widget_type=\"image.default\">\n\t\t\t\t<div class=\"elementor-widget-container\">\n\t\t\t\t\t\t\t\t\t\t\t\t\t\t\t<img fetchpriority=\"high\" decoding=\"async\" width=\"300\" height=\"300\" src=\"https:\/\/bicentenaire.lfip-alumni.com\/wp-content\/uploads\/2025\/09\/Capture-de\u0301cran-2025-09-04-a\u0300-20.35.27-300x300.png\" class=\"attachment-_nx_notification_thumb_300_300 size-_nx_notification_thumb_300_300 wp-image-1765\" alt=\"\" srcset=\"https:\/\/bicentenaire.lfip-alumni.com\/wp-content\/uploads\/2025\/09\/Capture-de\u0301cran-2025-09-04-a\u0300-20.35.27-300x300.png 300w, https:\/\/bicentenaire.lfip-alumni.com\/wp-content\/uploads\/2025\/09\/Capture-de\u0301cran-2025-09-04-a\u0300-20.35.27-150x150.png 150w, https:\/\/bicentenaire.lfip-alumni.com\/wp-content\/uploads\/2025\/09\/Capture-de\u0301cran-2025-09-04-a\u0300-20.35.27-100x100.png 100w, https:\/\/bicentenaire.lfip-alumni.com\/wp-content\/uploads\/2025\/09\/Capture-de\u0301cran-2025-09-04-a\u0300-20.35.27-200x200.png 200w, https:\/\/bicentenaire.lfip-alumni.com\/wp-content\/uploads\/2025\/09\/Capture-de\u0301cran-2025-09-04-a\u0300-20.35.27-400x400.png 400w, https:\/\/bicentenaire.lfip-alumni.com\/wp-content\/uploads\/2025\/09\/Capture-de\u0301cran-2025-09-04-a\u0300-20.35.27-500x500.png 500w\" sizes=\"(max-width: 300px) 100vw, 300px\" \/>\t\t\t\t\t\t\t\t\t\t\t\t\t\t\t<\/div>\n\t\t\t\t<\/div>\n\t\t\t\t<\/div>\n\t\t\t\t\t<\/div>\n\t\t\t\t<\/div>\n\t\t<div class=\"elementor-element elementor-element-45360d8 animated-slow e-flex e-con-boxed wpr-particle-no wpr-jarallax-no wpr-parallax-no wpr-sticky-section-no elementor-invisible e-con e-parent\" data-id=\"45360d8\" data-element_type=\"container\" data-settings=\"{&quot;background_background&quot;:&quot;classic&quot;,&quot;animation&quot;:&quot;fadeInRight&quot;}\">\n\t\t\t\t\t<div class=\"e-con-inner\">\n\t\t<div class=\"elementor-element elementor-element-2519b7c e-con-full e-flex wpr-particle-no wpr-jarallax-no wpr-parallax-no wpr-sticky-section-no e-con e-child\" data-id=\"2519b7c\" data-element_type=\"container\">\n\t\t\t\t<div class=\"elementor-element elementor-element-af34f10 elementor-widget elementor-widget-image\" data-id=\"af34f10\" data-element_type=\"widget\" data-widget_type=\"image.default\">\n\t\t\t\t<div class=\"elementor-widget-container\">\n\t\t\t\t\t\t\t\t\t\t\t\t\t\t\t<img decoding=\"async\" width=\"800\" height=\"288\" src=\"https:\/\/bicentenaire.lfip-alumni.com\/wp-content\/uploads\/2025\/09\/Capture-de\u0301cran-2025-09-04-a\u0300-20.22.49-1024x369.png\" class=\"attachment-large size-large wp-image-1737\" alt=\"\" srcset=\"https:\/\/bicentenaire.lfip-alumni.com\/wp-content\/uploads\/2025\/09\/Capture-de\u0301cran-2025-09-04-a\u0300-20.22.49-1024x369.png 1024w, https:\/\/bicentenaire.lfip-alumni.com\/wp-content\/uploads\/2025\/09\/Capture-de\u0301cran-2025-09-04-a\u0300-20.22.49-300x108.png 300w, https:\/\/bicentenaire.lfip-alumni.com\/wp-content\/uploads\/2025\/09\/Capture-de\u0301cran-2025-09-04-a\u0300-20.22.49-768x276.png 768w, https:\/\/bicentenaire.lfip-alumni.com\/wp-content\/uploads\/2025\/09\/Capture-de\u0301cran-2025-09-04-a\u0300-20.22.49.png 1178w\" sizes=\"(max-width: 800px) 100vw, 800px\" \/>\t\t\t\t\t\t\t\t\t\t\t\t\t\t\t<\/div>\n\t\t\t\t<\/div>\n\t\t\t\t<\/div>\n\t\t<div class=\"elementor-element elementor-element-e9653d7 e-con-full e-flex wpr-particle-no wpr-jarallax-no wpr-parallax-no wpr-sticky-section-no e-con e-child\" data-id=\"e9653d7\" data-element_type=\"container\">\n\t\t\t\t<div class=\"elementor-element elementor-element-8a45e73 elementor-widget elementor-widget-spacer\" data-id=\"8a45e73\" data-element_type=\"widget\" data-widget_type=\"spacer.default\">\n\t\t\t\t<div class=\"elementor-widget-container\">\n\t\t\t\t\t\t\t<div class=\"elementor-spacer\">\n\t\t\t<div class=\"elementor-spacer-inner\"><\/div>\n\t\t<\/div>\n\t\t\t\t\t\t<\/div>\n\t\t\t\t<\/div>\n\t\t\t\t<div class=\"elementor-element elementor-element-36ec93c elementor-widget elementor-widget-text-editor\" data-id=\"36ec93c\" data-element_type=\"widget\" data-widget_type=\"text-editor.default\">\n\t\t\t\t<div class=\"elementor-widget-container\">\n\t\t\t\t\t\t\t\t\t<p>Un projet m\u00ealant \u00e0 la fois m\u00e9moire, humour et cr\u00e9ativit\u00e9, qui fera vivre l\u2019esprit du LFIP \u00e0 travers les g\u00e9n\u00e9rations d\u2019\u00e9l\u00e8ves.<\/p><p>\u00c0 tous les Alumni du LFIP : partagez avec nous vos souvenirs, anecdotes ou gaffes les plus m\u00e9morables de votre passage au lyc\u00e9e ! L\u2019objectif ? Rassembler des r\u00e9cits couvrant toutes les \u00e9poques.<\/p>\t\t\t\t\t\t\t\t<\/div>\n\t\t\t\t<\/div>\n\t\t\t\t<div class=\"elementor-element elementor-element-539dad2 elementor-invisible elementor-widget elementor-widget-text-editor\" data-id=\"539dad2\" data-element_type=\"widget\" data-settings=\"{&quot;_animation&quot;:&quot;fadeInUp&quot;}\" data-widget_type=\"text-editor.default\">\n\t\t\t\t<div class=\"elementor-widget-container\">\n\t\t\t\t\t\t\t\t\t<p>Envie de participer ? Contacte-nous\u00a0!<\/p>\t\t\t\t\t\t\t\t<\/div>\n\t\t\t\t<\/div>\n\t\t\t\t<\/div>\n\t\t\t\t\t<\/div>\n\t\t\t\t<\/div>\n\t\t<div class=\"elementor-element elementor-element-7e023a6 animated-slow e-flex e-con-boxed wpr-particle-no wpr-jarallax-no wpr-parallax-no wpr-sticky-section-no elementor-invisible e-con e-parent\" data-id=\"7e023a6\" data-element_type=\"container\" data-settings=\"{&quot;background_background&quot;:&quot;classic&quot;,&quot;animation&quot;:&quot;fadeInLeft&quot;}\">\n\t\t\t\t\t<div class=\"e-con-inner\">\n\t\t\t\t<div class=\"elementor-element elementor-element-066f26d elementor-widget elementor-widget-spacer\" data-id=\"066f26d\" data-element_type=\"widget\" data-widget_type=\"spacer.default\">\n\t\t\t\t<div class=\"elementor-widget-container\">\n\t\t\t\t\t\t\t<div class=\"elementor-spacer\">\n\t\t\t<div class=\"elementor-spacer-inner\"><\/div>\n\t\t<\/div>\n\t\t\t\t\t\t<\/div>\n\t\t\t\t<\/div>\n\t\t<div class=\"elementor-element elementor-element-b853946 e-con-full e-flex wpr-particle-no wpr-jarallax-no wpr-parallax-no wpr-sticky-section-no e-con e-child\" data-id=\"b853946\" data-element_type=\"container\">\n\t\t\t\t<div class=\"elementor-element elementor-element-e3db224 elementor-widget elementor-widget-heading\" data-id=\"e3db224\" data-element_type=\"widget\" data-widget_type=\"heading.default\">\n\t\t\t\t<div class=\"elementor-widget-container\">\n\t\t\t\t\t<h5 class=\"elementor-heading-title elementor-size-default\">D\u00e9couvrir le projet plus en d\u00e9tails<\/h5>\t\t\t\t<\/div>\n\t\t\t\t<\/div>\n\t\t<div class=\"elementor-element elementor-element-e62412a e-con-full e-flex wpr-particle-no wpr-jarallax-no wpr-parallax-no wpr-sticky-section-no e-con e-child\" data-id=\"e62412a\" data-element_type=\"container\">\n\t\t\t\t<div class=\"elementor-element elementor-element-11e60a4 elementor-invisible elementor-widget elementor-widget-button\" data-id=\"11e60a4\" data-element_type=\"widget\" data-settings=\"{&quot;_animation&quot;:&quot;fadeIn&quot;}\" data-widget_type=\"button.default\">\n\t\t\t\t<div class=\"elementor-widget-container\">\n\t\t\t\t\t\t\t\t\t<div class=\"elementor-button-wrapper\">\n\t\t\t\t\t<a class=\"elementor-button elementor-button-link elementor-size-sm\" href=\"https:\/\/bicentenaire.lfip-alumni.com\/wp-content\/uploads\/2025\/09\/20250826LFIPBD.pdf\">\n\t\t\t\t\t\t<span class=\"elementor-button-content-wrapper\">\n\t\t\t\t\t\t\t\t\t<span class=\"elementor-button-text\">Cliquez ici<\/span>\n\t\t\t\t\t<\/span>\n\t\t\t\t\t<\/a>\n\t\t\t\t<\/div>\n\t\t\t\t\t\t\t\t<\/div>\n\t\t\t\t<\/div>\n\t\t\t\t<\/div>\n\t\t\t\t<\/div>\n\t\t<div class=\"elementor-element elementor-element-77a16bf e-con-full e-flex wpr-particle-no wpr-jarallax-no wpr-parallax-no wpr-sticky-section-no e-con e-child\" data-id=\"77a16bf\" data-element_type=\"container\">\n\t\t\t\t<div class=\"elementor-element elementor-element-46ade10 elementor-widget elementor-widget-heading\" data-id=\"46ade10\" data-element_type=\"widget\" data-widget_type=\"heading.default\">\n\t\t\t\t<div class=\"elementor-widget-container\">\n\t\t\t\t\t<h5 class=\"elementor-heading-title elementor-size-default\">Rejoignez le groupe Whatsapp en scannant le QR code<\/h5>\t\t\t\t<\/div>\n\t\t\t\t<\/div>\n\t\t\t\t<div class=\"elementor-element elementor-element-2d4fa1e animated-slow elementor-invisible elementor-widget elementor-widget-image\" data-id=\"2d4fa1e\" data-element_type=\"widget\" data-settings=\"{&quot;_animation&quot;:&quot;fadeIn&quot;}\" data-widget_type=\"image.default\">\n\t\t\t\t<div class=\"elementor-widget-container\">\n\t\t\t\t\t\t\t\t\t\t\t\t\t\t\t<img decoding=\"async\" width=\"300\" height=\"300\" src=\"https:\/\/bicentenaire.lfip-alumni.com\/wp-content\/uploads\/2025\/09\/QR-Code-Yves-1-e1757021326282-300x300.png\" class=\"attachment-_nx_notification_thumb_300_300 size-_nx_notification_thumb_300_300 wp-image-1796\" alt=\"\" srcset=\"https:\/\/bicentenaire.lfip-alumni.com\/wp-content\/uploads\/2025\/09\/QR-Code-Yves-1-e1757021326282-300x300.png 300w, https:\/\/bicentenaire.lfip-alumni.com\/wp-content\/uploads\/2025\/09\/QR-Code-Yves-1-e1757021326282-150x150.png 150w, https:\/\/bicentenaire.lfip-alumni.com\/wp-content\/uploads\/2025\/09\/QR-Code-Yves-1-e1757021326282-100x100.png 100w, https:\/\/bicentenaire.lfip-alumni.com\/wp-content\/uploads\/2025\/09\/QR-Code-Yves-1-e1757021326282-200x200.png 200w, https:\/\/bicentenaire.lfip-alumni.com\/wp-content\/uploads\/2025\/09\/elementor\/thumbs\/QR-Code-Yves-1-e1757021326282-rba2a6gfrubzhp2gpnf9w4p05r86uh7qpiwv9k8ucg.png 400w, https:\/\/bicentenaire.lfip-alumni.com\/wp-content\/uploads\/2025\/09\/QR-Code-Yves-1-e1757021326282-500x500.png 500w\" sizes=\"(max-width: 300px) 100vw, 300px\" \/>\t\t\t\t\t\t\t\t\t\t\t\t\t\t\t<\/div>\n\t\t\t\t<\/div>\n\t\t\t\t<\/div>\n\t\t\t\t\t<\/div>\n\t\t\t\t<\/div>\n\t\t\t\t<\/div>\n\t\t","protected":false},"excerpt":{"rendered":"<p>Nos gaffes LFIP en 200 bulles Porteur de projet : Yves Dassou \u00c0 l\u2019occasion du bicentenaire du Lyc\u00e9e fran\u00e7ais international de Pondich\u00e9ry en 2026, LFIP Alumni lance un projet original : rassembler les souvenirs, anecdotes et petites histoires des anciens \u00e9l\u00e8ves pour les transformer en bandes dessin\u00e9es. Chaque contribution d\u2019alumni (une gaffe, une anecdote, un souvenir) sera sc\u00e9naris\u00e9e en une planche de BD compos\u00e9e de 8 cases, mettant en sc\u00e8ne le lyc\u00e9e et les lieux embl\u00e9matiques de Pondich\u00e9ry. Une artiste se chargera du dessin, et les \u00e9l\u00e8ves actuels pourront aussi y contribuer, en lien avec la direction du lyc\u00e9e. L\u2019objectif est de mettre en valeur la m\u00e9moire collective du LFIP \u00e0 travers le neuvi\u00e8me art, en cr\u00e9ant un recueil dr\u00f4le, vivant et accessible. Une version digitale des pages sera diffus\u00e9e par LFIP Alumni, et un financement collaboratif permettra d\u2019aller au-del\u00e0 des 20 premi\u00e8res planches d\u00e9j\u00e0 financ\u00e9es. Un projet m\u00ealant \u00e0 la fois m\u00e9moire, humour et cr\u00e9ativit\u00e9, qui fera vivre l\u2019esprit du LFIP \u00e0 travers les g\u00e9n\u00e9rations d\u2019\u00e9l\u00e8ves. \u00c0 tous les Alumni du LFIP : partagez avec nous vos souvenirs, anecdotes ou gaffes les plus m\u00e9morables de votre passage au lyc\u00e9e ! L\u2019objectif ? Rassembler des r\u00e9cits couvrant toutes les \u00e9poques. Envie de participer ? Contacte-nous\u00a0! D\u00e9couvrir le projet plus en d\u00e9tails Cliquez ici Rejoignez le groupe Whatsapp en scannant le QR code<\/p>\n","protected":false},"author":1,"featured_media":0,"parent":0,"menu_order":0,"comment_status":"closed","ping_status":"closed","template":"","meta":{"footnotes":""},"class_list":["post-1613","page","type-page","status-publish","hentry"],"_links":{"self":[{"href":"https:\/\/bicentenaire.lfip-alumni.com\/index.php\/wp-json\/wp\/v2\/pages\/1613","targetHints":{"allow":["GET"]}}],"collection":[{"href":"https:\/\/bicentenaire.lfip-alumni.com\/index.php\/wp-json\/wp\/v2\/pages"}],"about":[{"href":"https:\/\/bicentenaire.lfip-alumni.com\/index.php\/wp-json\/wp\/v2\/types\/page"}],"author":[{"embeddable":true,"href":"https:\/\/bicentenaire.lfip-alumni.com\/index.php\/wp-json\/wp\/v2\/users\/1"}],"replies":[{"embeddable":true,"href":"https:\/\/bicentenaire.lfip-alumni.com\/index.php\/wp-json\/wp\/v2\/comments?post=1613"}],"version-history":[{"count":161,"href":"https:\/\/bicentenaire.lfip-alumni.com\/index.php\/wp-json\/wp\/v2\/pages\/1613\/revisions"}],"predecessor-version":[{"id":1882,"href":"https:\/\/bicentenaire.lfip-alumni.com\/index.php\/wp-json\/wp\/v2\/pages\/1613\/revisions\/1882"}],"wp:attachment":[{"href":"https:\/\/bicentenaire.lfip-alumni.com\/index.php\/wp-json\/wp\/v2\/media?parent=1613"}],"curies":[{"name":"wp","href":"https:\/\/api.w.org\/{rel}","templated":true}]}}