{"id":1223,"date":"2025-04-29T19:26:31","date_gmt":"2025-04-29T18:26:31","guid":{"rendered":"https:\/\/bicentenaire.lfip-alumni.com\/?page_id=1223"},"modified":"2025-09-05T11:35:26","modified_gmt":"2025-09-05T10:35:26","slug":"je-participe-a-un-projet","status":"publish","type":"page","link":"https:\/\/bicentenaire.lfip-alumni.com\/index.php\/je-participe-a-un-projet\/","title":{"rendered":"Je participe"},"content":{"rendered":"\t\t<div data-elementor-type=\"wp-page\" data-elementor-id=\"1223\" class=\"elementor elementor-1223\" data-elementor-post-type=\"page\">\n\t\t\t\t<div class=\"elementor-element elementor-element-68ce476 e-flex e-con-boxed wpr-particle-no wpr-jarallax-no wpr-parallax-no wpr-sticky-section-no e-con e-parent\" data-id=\"68ce476\" data-element_type=\"container\">\n\t\t\t\t\t<div class=\"e-con-inner\">\n\t\t\t\t<div class=\"elementor-element elementor-element-34631c4 elementor-widget elementor-widget-spacer\" data-id=\"34631c4\" data-element_type=\"widget\" data-widget_type=\"spacer.default\">\n\t\t\t\t<div class=\"elementor-widget-container\">\n\t\t\t\t\t\t\t<div class=\"elementor-spacer\">\n\t\t\t<div class=\"elementor-spacer-inner\"><\/div>\n\t\t<\/div>\n\t\t\t\t\t\t<\/div>\n\t\t\t\t<\/div>\n\t\t\t\t<div class=\"elementor-element elementor-element-44ffbd2 elementor-invisible elementor-widget elementor-widget-heading\" data-id=\"44ffbd2\" data-element_type=\"widget\" data-settings=\"{&quot;_animation&quot;:&quot;fadeInUp&quot;}\" data-widget_type=\"heading.default\">\n\t\t\t\t<div class=\"elementor-widget-container\">\n\t\t\t\t\t<h2 class=\"elementor-heading-title elementor-size-default\">Devenez acteur du Bicentenaire et venez vivre l\u2019\u00e9v\u00e9nement de l\u2019ann\u00e9e !<\/h2>\t\t\t\t<\/div>\n\t\t\t\t<\/div>\n\t\t\t\t<div class=\"elementor-element elementor-element-eb39078 animated-slow elementor-invisible elementor-widget elementor-widget-text-editor\" data-id=\"eb39078\" data-element_type=\"widget\" data-settings=\"{&quot;_animation&quot;:&quot;fadeIn&quot;}\" data-widget_type=\"text-editor.default\">\n\t\t\t\t<div class=\"elementor-widget-container\">\n\t\t\t\t\t\t\t\t\t<p>Que vous soyez ancien \u00e9l\u00e8ve, parent, enseignant ou ami du lyc\u00e9e, vous \u00eates les bienvenus<br \/>pour partager ce moment historique.<\/p>\t\t\t\t\t\t\t\t<\/div>\n\t\t\t\t<\/div>\n\t\t\t\t\t<\/div>\n\t\t\t\t<\/div>\n\t\t<div class=\"elementor-element elementor-element-5b1b528 animated-slow e-flex e-con-boxed wpr-particle-no wpr-jarallax-no wpr-parallax-no wpr-sticky-section-no elementor-invisible e-con e-parent\" data-id=\"5b1b528\" data-element_type=\"container\" data-settings=\"{&quot;background_background&quot;:&quot;classic&quot;,&quot;animation&quot;:&quot;slideInLeft&quot;}\">\n\t\t\t\t\t<div class=\"e-con-inner\">\n\t\t<div class=\"elementor-element elementor-element-400ccec e-con-full e-flex wpr-particle-no wpr-jarallax-no wpr-parallax-no wpr-sticky-section-no e-con e-child\" data-id=\"400ccec\" data-element_type=\"container\">\n\t\t\t\t<div class=\"elementor-element elementor-element-fec9d40 elementor-widget elementor-widget-text-editor\" data-id=\"fec9d40\" data-element_type=\"widget\" data-widget_type=\"text-editor.default\">\n\t\t\t\t<div class=\"elementor-widget-container\">\n\t\t\t\t\t\t\t\t\t<h5><strong>Pourquoi participer ?<\/strong><\/h5><p>&#8211; Revivez l\u2019esprit unique du LFIP<br \/>&#8211; Partagez votre histoire avec les nouvelles g\u00e9n\u00e9rations<br \/>&#8211; Contribuez au rayonnement du lyc\u00e9e \u00e0 l\u2019\u00e9chelle internationale<br \/>&#8211; Laissez votre empreinte dans un \u00e9v\u00e9nement historique<\/p><p>Inscrivez-vous d\u00e8s maintenant pour recevoir les invitations aux \u00e9v\u00e9nements, devenir b\u00e9n\u00e9vole ou soutenir l\u2019organisation du Bicentenaire\u00a0\u27a1\ufe0f<\/p>\t\t\t\t\t\t\t\t<\/div>\n\t\t\t\t<\/div>\n\t\t\t\t<\/div>\n\t\t<div class=\"elementor-element elementor-element-4c76009 e-con-full e-flex wpr-particle-no wpr-jarallax-no wpr-parallax-no wpr-sticky-section-no e-con e-child\" data-id=\"4c76009\" data-element_type=\"container\">\n\t\t<div class=\"elementor-element elementor-element-38f5ac7 e-con-full e-flex wpr-particle-no wpr-jarallax-no wpr-parallax-no wpr-sticky-section-no e-con e-child\" data-id=\"38f5ac7\" data-element_type=\"container\">\n\t\t\t\t<div class=\"elementor-element elementor-element-b865481 elementor-widget elementor-widget-image\" data-id=\"b865481\" data-element_type=\"widget\" data-widget_type=\"image.default\">\n\t\t\t\t<div class=\"elementor-widget-container\">\n\t\t\t\t\t\t\t\t\t\t\t\t\t\t\t<img decoding=\"async\" width=\"200\" height=\"200\" src=\"https:\/\/bicentenaire.lfip-alumni.com\/wp-content\/uploads\/2025\/09\/Capture-de\u0301cran-2025-09-02-a\u0300-18.07.12-200x200.png\" class=\"attachment-_nx_notification_thumb_200_200 size-_nx_notification_thumb_200_200 wp-image-1656\" alt=\"\" srcset=\"https:\/\/bicentenaire.lfip-alumni.com\/wp-content\/uploads\/2025\/09\/Capture-de\u0301cran-2025-09-02-a\u0300-18.07.12-200x200.png 200w, https:\/\/bicentenaire.lfip-alumni.com\/wp-content\/uploads\/2025\/09\/Capture-de\u0301cran-2025-09-02-a\u0300-18.07.12-300x300.png 300w, https:\/\/bicentenaire.lfip-alumni.com\/wp-content\/uploads\/2025\/09\/Capture-de\u0301cran-2025-09-02-a\u0300-18.07.12-150x150.png 150w, https:\/\/bicentenaire.lfip-alumni.com\/wp-content\/uploads\/2025\/09\/Capture-de\u0301cran-2025-09-02-a\u0300-18.07.12-100x100.png 100w, https:\/\/bicentenaire.lfip-alumni.com\/wp-content\/uploads\/2025\/09\/Capture-de\u0301cran-2025-09-02-a\u0300-18.07.12-400x400.png 400w, https:\/\/bicentenaire.lfip-alumni.com\/wp-content\/uploads\/2025\/09\/Capture-de\u0301cran-2025-09-02-a\u0300-18.07.12-500x500.png 500w\" sizes=\"(max-width: 200px) 100vw, 200px\" \/>\t\t\t\t\t\t\t\t\t\t\t\t\t\t\t<\/div>\n\t\t\t\t<\/div>\n\t\t\t\t<div class=\"elementor-element elementor-element-92f1237 elementor-align-center elementor-widget elementor-widget-button\" data-id=\"92f1237\" data-element_type=\"widget\" data-widget_type=\"button.default\">\n\t\t\t\t<div class=\"elementor-widget-container\">\n\t\t\t\t\t\t\t\t\t<div class=\"elementor-button-wrapper\">\n\t\t\t\t\t<a class=\"elementor-button elementor-button-link elementor-size-sm\" href=\"https:\/\/bicentenaire.lfip-alumni.com\/index.php\/contact-form\/\">\n\t\t\t\t\t\t<span class=\"elementor-button-content-wrapper\">\n\t\t\t\t\t\t\t\t\t<span class=\"elementor-button-text\">S'inscrire<\/span>\n\t\t\t\t\t<\/span>\n\t\t\t\t\t<\/a>\n\t\t\t\t<\/div>\n\t\t\t\t\t\t\t\t<\/div>\n\t\t\t\t<\/div>\n\t\t\t\t<\/div>\n\t\t\t\t<\/div>\n\t\t\t\t\t<\/div>\n\t\t\t\t<\/div>\n\t\t<div class=\"elementor-element elementor-element-459ed13 e-flex e-con-boxed wpr-particle-no wpr-jarallax-no wpr-parallax-no wpr-sticky-section-no elementor-invisible e-con e-parent\" data-id=\"459ed13\" data-element_type=\"container\" data-settings=\"{&quot;background_background&quot;:&quot;classic&quot;,&quot;animation&quot;:&quot;slideInRight&quot;}\">\n\t\t\t\t\t<div class=\"e-con-inner\">\n\t\t<div class=\"elementor-element elementor-element-55c5e2a e-con-full e-flex wpr-particle-no wpr-jarallax-no wpr-parallax-no wpr-sticky-section-no e-con e-child\" data-id=\"55c5e2a\" data-element_type=\"container\">\n\t\t<div class=\"elementor-element elementor-element-c6aeb5e e-con-full e-flex wpr-particle-no wpr-jarallax-no wpr-parallax-no wpr-sticky-section-no e-con e-child\" data-id=\"c6aeb5e\" data-element_type=\"container\">\n\t\t\t\t<div class=\"elementor-element elementor-element-5aa4474 elementor-widget elementor-widget-image\" data-id=\"5aa4474\" data-element_type=\"widget\" data-widget_type=\"image.default\">\n\t\t\t\t<div class=\"elementor-widget-container\">\n\t\t\t\t\t\t\t\t\t\t\t\t\t\t\t<img decoding=\"async\" width=\"200\" height=\"200\" src=\"https:\/\/bicentenaire.lfip-alumni.com\/wp-content\/uploads\/2025\/09\/Capture-de\u0301cran-2025-09-02-a\u0300-18.07.03-200x200.png\" class=\"attachment-_nx_notification_thumb_200_200 size-_nx_notification_thumb_200_200 wp-image-1657\" alt=\"\" srcset=\"https:\/\/bicentenaire.lfip-alumni.com\/wp-content\/uploads\/2025\/09\/Capture-de\u0301cran-2025-09-02-a\u0300-18.07.03-200x200.png 200w, https:\/\/bicentenaire.lfip-alumni.com\/wp-content\/uploads\/2025\/09\/Capture-de\u0301cran-2025-09-02-a\u0300-18.07.03-150x150.png 150w, https:\/\/bicentenaire.lfip-alumni.com\/wp-content\/uploads\/2025\/09\/Capture-de\u0301cran-2025-09-02-a\u0300-18.07.03-100x100.png 100w, https:\/\/bicentenaire.lfip-alumni.com\/wp-content\/uploads\/2025\/09\/Capture-de\u0301cran-2025-09-02-a\u0300-18.07.03-300x300.png 300w, https:\/\/bicentenaire.lfip-alumni.com\/wp-content\/uploads\/2025\/09\/Capture-de\u0301cran-2025-09-02-a\u0300-18.07.03-400x400.png 400w, https:\/\/bicentenaire.lfip-alumni.com\/wp-content\/uploads\/2025\/09\/Capture-de\u0301cran-2025-09-02-a\u0300-18.07.03-500x500.png 500w\" sizes=\"(max-width: 200px) 100vw, 200px\" \/>\t\t\t\t\t\t\t\t\t\t\t\t\t\t\t<\/div>\n\t\t\t\t<\/div>\n\t\t\t\t<div class=\"elementor-element elementor-element-1b7ce73 elementor-align-center elementor-widget elementor-widget-button\" data-id=\"1b7ce73\" data-element_type=\"widget\" data-widget_type=\"button.default\">\n\t\t\t\t<div class=\"elementor-widget-container\">\n\t\t\t\t\t\t\t\t\t<div class=\"elementor-button-wrapper\">\n\t\t\t\t\t<a class=\"elementor-button elementor-button-link elementor-size-sm\" href=\"https:\/\/bicentenaire.lfip-alumni.com\/index.php\/contact-form\/\">\n\t\t\t\t\t\t<span class=\"elementor-button-content-wrapper\">\n\t\t\t\t\t\t\t\t\t<span class=\"elementor-button-text\">S'inscrire<\/span>\n\t\t\t\t\t<\/span>\n\t\t\t\t\t<\/a>\n\t\t\t\t<\/div>\n\t\t\t\t\t\t\t\t<\/div>\n\t\t\t\t<\/div>\n\t\t\t\t<\/div>\n\t\t\t\t<\/div>\n\t\t\t\t<div class=\"elementor-element elementor-element-3415cf3 elementor-widget elementor-widget-text-editor\" data-id=\"3415cf3\" data-element_type=\"widget\" data-widget_type=\"text-editor.default\">\n\t\t\t\t<div class=\"elementor-widget-container\">\n\t\t\t\t\t\t\t\t\t<h5>Comment faire partie de l\u2019\u00e9quipe organisatrice ?<\/h5><p>Nous constituons l&#8217;\u00e9quipe LFIP Alumni du projet 200 ans du LFIP pour mener les chantiers sur lesquels nous nous mobilisons.<\/p><p><strong>Envie de rejoindre l&#8217;\u00e9quipe LFIP Alumni du projet 200 ans du LFIP ?<\/strong><\/p><p>En vous inscrivant, vous pouvez choisir les chantiers pour lesquels vous souhaitez vous investir.\u00a0<span style=\"color: var( --e-global-color-text ); font-family: var( --e-global-typography-text-font-family ), Sans-serif; font-weight: var( --e-global-typography-text-font-weight ); background-color: transparent; font-size: 1rem;\">Nous accueillerons aussi vos retours et suggestions avec enthousiasme,<\/span><\/p><p>Nous comptons sur vous !<\/p>\t\t\t\t\t\t\t\t<\/div>\n\t\t\t\t<\/div>\n\t\t\t\t\t<\/div>\n\t\t\t\t<\/div>\n\t\t<div class=\"elementor-element elementor-element-5fe4fb8 e-flex e-con-boxed wpr-particle-no wpr-jarallax-no wpr-parallax-no wpr-sticky-section-no elementor-invisible e-con e-parent\" data-id=\"5fe4fb8\" data-element_type=\"container\" data-settings=\"{&quot;background_background&quot;:&quot;classic&quot;,&quot;animation&quot;:&quot;slideInLeft&quot;}\">\n\t\t\t\t\t<div class=\"e-con-inner\">\n\t\t\t\t<div class=\"elementor-element elementor-element-669fca4 elementor-widget-tablet__width-initial elementor-widget elementor-widget-text-editor\" data-id=\"669fca4\" data-element_type=\"widget\" data-widget_type=\"text-editor.default\">\n\t\t\t\t<div class=\"elementor-widget-container\">\n\t\t\t\t\t\t\t\t\t<h5>Comment soutenir LFIP Alumni ?<\/h5><p><em>\u2022 <\/em>Devenir partenaire \/ sponsor<\/p><p>L\u2019organisation de ce bicentenaire requiert des moyens financiers : votre cotisation et vos dons sont les bienvenus.<\/p>\t\t\t\t\t\t\t\t<\/div>\n\t\t\t\t<\/div>\n\t\t<div class=\"elementor-element elementor-element-6b517dc e-con-full e-flex wpr-particle-no wpr-jarallax-no wpr-parallax-no wpr-sticky-section-no elementor-invisible e-con e-child\" data-id=\"6b517dc\" data-element_type=\"container\" data-settings=\"{&quot;animation&quot;:&quot;fadeInRight&quot;}\">\n\t\t<div class=\"elementor-element elementor-element-073ff26 e-con-full e-flex wpr-particle-no wpr-jarallax-no wpr-parallax-no wpr-sticky-section-no e-con e-child\" data-id=\"073ff26\" data-element_type=\"container\">\n\t\t\t\t<div class=\"elementor-element elementor-element-05605d6 elementor-widget elementor-widget-image\" data-id=\"05605d6\" data-element_type=\"widget\" data-widget_type=\"image.default\">\n\t\t\t\t<div class=\"elementor-widget-container\">\n\t\t\t\t\t\t\t\t\t\t\t\t\t\t\t<img decoding=\"async\" width=\"200\" height=\"200\" src=\"https:\/\/bicentenaire.lfip-alumni.com\/wp-content\/uploads\/2025\/09\/Capture-de\u0301cran-2025-09-02-a\u0300-18.09.00-200x200.png\" class=\"attachment-_nx_notification_thumb_200_200 size-_nx_notification_thumb_200_200 wp-image-1662\" alt=\"\" srcset=\"https:\/\/bicentenaire.lfip-alumni.com\/wp-content\/uploads\/2025\/09\/Capture-de\u0301cran-2025-09-02-a\u0300-18.09.00-200x200.png 200w, https:\/\/bicentenaire.lfip-alumni.com\/wp-content\/uploads\/2025\/09\/Capture-de\u0301cran-2025-09-02-a\u0300-18.09.00-300x300.png 300w, https:\/\/bicentenaire.lfip-alumni.com\/wp-content\/uploads\/2025\/09\/Capture-de\u0301cran-2025-09-02-a\u0300-18.09.00-150x150.png 150w, https:\/\/bicentenaire.lfip-alumni.com\/wp-content\/uploads\/2025\/09\/Capture-de\u0301cran-2025-09-02-a\u0300-18.09.00-100x100.png 100w, https:\/\/bicentenaire.lfip-alumni.com\/wp-content\/uploads\/2025\/09\/Capture-de\u0301cran-2025-09-02-a\u0300-18.09.00-400x400.png 400w, https:\/\/bicentenaire.lfip-alumni.com\/wp-content\/uploads\/2025\/09\/Capture-de\u0301cran-2025-09-02-a\u0300-18.09.00-500x500.png 500w, https:\/\/bicentenaire.lfip-alumni.com\/wp-content\/uploads\/2025\/09\/Capture-de\u0301cran-2025-09-02-a\u0300-18.09.00.png 592w\" sizes=\"(max-width: 200px) 100vw, 200px\" \/>\t\t\t\t\t\t\t\t\t\t\t\t\t\t\t<\/div>\n\t\t\t\t<\/div>\n\t\t\t\t<div class=\"elementor-element elementor-element-b3cbce8 elementor-align-center elementor-widget elementor-widget-button\" data-id=\"b3cbce8\" data-element_type=\"widget\" data-widget_type=\"button.default\">\n\t\t\t\t<div class=\"elementor-widget-container\">\n\t\t\t\t\t\t\t\t\t<div class=\"elementor-button-wrapper\">\n\t\t\t\t\t<a class=\"elementor-button elementor-button-link elementor-size-sm\" href=\"https:\/\/www.helloasso.com\/associations\/association-des-alumni-du-lycee-francais-international-de-pondichery-en-inde\/formulaires\/1\" target=\"_blank\">\n\t\t\t\t\t\t<span class=\"elementor-button-content-wrapper\">\n\t\t\t\t\t\t\t\t\t<span class=\"elementor-button-text\">Faire un don<\/span>\n\t\t\t\t\t<\/span>\n\t\t\t\t\t<\/a>\n\t\t\t\t<\/div>\n\t\t\t\t\t\t\t\t<\/div>\n\t\t\t\t<\/div>\n\t\t\t\t<\/div>\n\t\t\t\t<\/div>\n\t\t\t\t\t<\/div>\n\t\t\t\t<\/div>\n\t\t<div class=\"elementor-element elementor-element-e83b50a e-flex e-con-boxed wpr-particle-no wpr-jarallax-no wpr-parallax-no wpr-sticky-section-no e-con e-parent\" data-id=\"e83b50a\" data-element_type=\"container\">\n\t\t\t\t\t<div class=\"e-con-inner\">\n\t\t\t\t<div class=\"elementor-element elementor-element-377886d elementor-widget elementor-widget-spacer\" data-id=\"377886d\" data-element_type=\"widget\" data-widget_type=\"spacer.default\">\n\t\t\t\t<div class=\"elementor-widget-container\">\n\t\t\t\t\t\t\t<div class=\"elementor-spacer\">\n\t\t\t<div class=\"elementor-spacer-inner\"><\/div>\n\t\t<\/div>\n\t\t\t\t\t\t<\/div>\n\t\t\t\t<\/div>\n\t\t\t\t<div class=\"elementor-element elementor-element-52ce502 elementor-invisible elementor-widget elementor-widget-text-editor\" data-id=\"52ce502\" data-element_type=\"widget\" data-settings=\"{&quot;_animation&quot;:&quot;fadeIn&quot;}\" data-widget_type=\"text-editor.default\">\n\t\t\t\t<div class=\"elementor-widget-container\">\n\t\t\t\t\t\t\t\t\t<p>Le Bicentenaire du LFIP est une aventure collective.<\/p><p>Nous comptons sur vous pour imaginer, cr\u00e9er et porter des projets \u00e0 la hauteur de cet anniversaire historique !<\/p><p><b>A tr\u00e8s bient\u00f4t,<br \/>L&#8217;\u00e9quipe organisatrice.<\/b><\/p>\t\t\t\t\t\t\t\t<\/div>\n\t\t\t\t<\/div>\n\t\t\t\t\t<\/div>\n\t\t\t\t<\/div>\n\t\t\t\t<\/div>\n\t\t","protected":false},"excerpt":{"rendered":"<p>Devenez acteur du Bicentenaire et venez vivre l\u2019\u00e9v\u00e9nement de l\u2019ann\u00e9e ! Que vous soyez ancien \u00e9l\u00e8ve, parent, enseignant ou ami du lyc\u00e9e, vous \u00eates les bienvenuspour partager ce moment historique. Pourquoi participer ? &#8211; Revivez l\u2019esprit unique du LFIP&#8211; Partagez votre histoire avec les nouvelles g\u00e9n\u00e9rations&#8211; Contribuez au rayonnement du lyc\u00e9e \u00e0 l\u2019\u00e9chelle internationale&#8211; Laissez votre empreinte dans un \u00e9v\u00e9nement historique Inscrivez-vous d\u00e8s maintenant pour recevoir les invitations aux \u00e9v\u00e9nements, devenir b\u00e9n\u00e9vole ou soutenir l\u2019organisation du Bicentenaire\u00a0\u27a1\ufe0f S&#8217;inscrire S&#8217;inscrire Comment faire partie de l\u2019\u00e9quipe organisatrice ? Nous constituons l&#8217;\u00e9quipe LFIP Alumni du projet 200 ans du LFIP pour mener les chantiers sur lesquels nous nous mobilisons. Envie de rejoindre l&#8217;\u00e9quipe LFIP Alumni du projet 200 ans du LFIP ? En vous inscrivant, vous pouvez choisir les chantiers pour lesquels vous souhaitez vous investir.\u00a0Nous accueillerons aussi vos retours et suggestions avec enthousiasme, Nous comptons sur vous ! Comment soutenir LFIP Alumni ? \u2022 Devenir partenaire \/ sponsor L\u2019organisation de ce bicentenaire requiert des moyens financiers : votre cotisation et vos dons sont les bienvenus. Faire un don Le Bicentenaire du LFIP est une aventure collective. Nous comptons sur vous pour imaginer, cr\u00e9er et porter des projets \u00e0 la hauteur de cet anniversaire historique ! A tr\u00e8s bient\u00f4t,L&#8217;\u00e9quipe organisatrice.<\/p>\n","protected":false},"author":1,"featured_media":0,"parent":0,"menu_order":0,"comment_status":"closed","ping_status":"closed","template":"","meta":{"footnotes":""},"class_list":["post-1223","page","type-page","status-publish","hentry"],"_links":{"self":[{"href":"https:\/\/bicentenaire.lfip-alumni.com\/index.php\/wp-json\/wp\/v2\/pages\/1223","targetHints":{"allow":["GET"]}}],"collection":[{"href":"https:\/\/bicentenaire.lfip-alumni.com\/index.php\/wp-json\/wp\/v2\/pages"}],"about":[{"href":"https:\/\/bicentenaire.lfip-alumni.com\/index.php\/wp-json\/wp\/v2\/types\/page"}],"author":[{"embeddable":true,"href":"https:\/\/bicentenaire.lfip-alumni.com\/index.php\/wp-json\/wp\/v2\/users\/1"}],"replies":[{"embeddable":true,"href":"https:\/\/bicentenaire.lfip-alumni.com\/index.php\/wp-json\/wp\/v2\/comments?post=1223"}],"version-history":[{"count":62,"href":"https:\/\/bicentenaire.lfip-alumni.com\/index.php\/wp-json\/wp\/v2\/pages\/1223\/revisions"}],"predecessor-version":[{"id":2007,"href":"https:\/\/bicentenaire.lfip-alumni.com\/index.php\/wp-json\/wp\/v2\/pages\/1223\/revisions\/2007"}],"wp:attachment":[{"href":"https:\/\/bicentenaire.lfip-alumni.com\/index.php\/wp-json\/wp\/v2\/media?parent=1223"}],"curies":[{"name":"wp","href":"https:\/\/api.w.org\/{rel}","templated":true}]}}